{"id":8815,"date":"2023-11-26T23:17:43","date_gmt":"2023-11-26T21:17:43","guid":{"rendered":"https:\/\/vallpineda.cat\/?page_id=8815"},"modified":"2023-11-27T19:49:33","modified_gmt":"2023-11-27T17:49:33","slug":"estatuts-de-cooperativa","status":"publish","type":"page","link":"https:\/\/vallpineda.cat\/ca\/estatuts-de-cooperativa\/","title":{"rendered":"Estatuts de Cooperativa"},"content":{"rendered":"<div data-elementor-type=\"wp-page\" data-elementor-id=\"8815\" class=\"elementor elementor-8815\">\n\t\t\t\t\t\t<section class=\"elementor-section elementor-top-section elementor-element elementor-element-2607de7 elementor-section-boxed elementor-section-height-default elementor-section-height-default\" data-id=\"2607de7\" data-element_type=\"section\" data-e-type=\"section\">\n\t\t\t\t\t\t<div class=\"elementor-container elementor-column-gap-default\">\n\t\t\t\t\t<div class=\"elementor-column elementor-col-100 elementor-top-column elementor-element elementor-element-b74cd70\" data-id=\"b74cd70\" data-element_type=\"column\" data-e-type=\"column\">\n\t\t\t<div class=\"elementor-widget-wrap elementor-element-populated\">\n\t\t\t\t\t\t<div class=\"elementor-element elementor-element-2c45697e elementor-widget elementor-widget-text-editor\" data-id=\"2c45697e\" data-element_type=\"widget\" data-e-type=\"widget\" data-widget_type=\"text-editor.default\">\n\t\t\t\t<div class=\"elementor-widget-container\">\n\t\t\t\t\t\t\t\t\t<p>Des de la seva fundaci\u00f3 com a empresa cooperativa de serveis el 1970, <b>Cooperativa<\/b> <b>Vallpineda<\/b> disposa d&#8217;uns <b>Estatuts<\/b> propis, aprovats a <b>Assemblea<\/b> pels socis i que configuren el marc normatiu d&#8217;aquesta societat que proporciona una s\u00e8rie de serveis als ve\u00efns\/socis de la urbanitzaci\u00f3. Es tracta d&#8217;un <b>document<\/b> <b>essencial<\/b> per entendre quines s\u00f3n les <b>funcions<\/b>, els deures i els drets tant dels socis com de la pr\u00f2pia empresa. Aqu\u00ed s&#8217;estableix, entre d&#8217;altres assumptes importants, qui \u00e9s soci de Cooperativa, com funciona l&#8217;Assemblea, quin poder t\u00e9 i quines s\u00f3n les compet\u00e8ncies i limitacions del govern del <b>Consell<\/b> <b>Rector<\/b>. El text tamb\u00e9 recull el r\u00e8gim de sancions als socis que no compleixin el pagament de quotes i subministraments o siguin inc\u00edvics amb la resta de ve\u00efns. Tant els Estatuts de Cooperativa com les decisions de l&#8217;Assemblea estan supeditades al <b>marc legal vigent.<\/b><\/p><p>L&#8217;\u00faltima reforma dels <b>Estatuts de Cooperativa<\/b> va ser aprovada per l&#8217;Assemblea de socis el <b>2015<\/b>. Entre d&#8217;altres aspectes, es va incloure la <b>impossibilitat de que els membres del Consell Rector puguin estar al c\u00e0rrec m\u00e9s de dos mandats<\/b> (8 anys en total). Recomanem que tots els socis llegeixin i tinguin present qu\u00e8 diuen els Estatuts.<\/p><p><a href=\"https:\/\/vallpineda.cat\/wp-content\/uploads\/2020\/07\/Estatutos-Cooperativa-Vallpineda-2015.pdf\" target=\"_blank\" rel=\"noopener\"><b><u>CONSULTEU AQU\u00cd ELS ESTATUTS DE COOPERATIVA VALLPINEDA<\/u><\/b><\/a><\/p>\t\t\t\t\t\t\t\t<\/div>\n\t\t\t\t<\/div>\n\t\t\t\t<div class=\"elementor-element elementor-element-dd36fdd elementor-widget elementor-widget-image\" data-id=\"dd36fdd\" data-element_type=\"widget\" data-e-type=\"widget\" data-widget_type=\"image.default\">\n\t\t\t\t<div class=\"elementor-widget-container\">\n\t\t\t\t\t\t\t\t\t\t\t\t<figure class=\"wp-caption\">\n\t\t\t\t\t\t\t\t\t\t<img fetchpriority=\"high\" decoding=\"async\" width=\"2560\" height=\"1488\" src=\"https:\/\/vallpineda.cat\/wp-content\/uploads\/2023\/10\/asamblea-junio-2023-foto-grande-scaled.jpg\" class=\"attachment-full size-full wp-image-8448\" alt=\"\" srcset=\"https:\/\/vallpineda.cat\/wp-content\/uploads\/2023\/10\/asamblea-junio-2023-foto-grande-scaled.jpg 2560w, https:\/\/vallpineda.cat\/wp-content\/uploads\/2023\/10\/asamblea-junio-2023-foto-grande-300x174.jpg 300w, https:\/\/vallpineda.cat\/wp-content\/uploads\/2023\/10\/asamblea-junio-2023-foto-grande-1024x595.jpg 1024w, https:\/\/vallpineda.cat\/wp-content\/uploads\/2023\/10\/asamblea-junio-2023-foto-grande-768x447.jpg 768w, https:\/\/vallpineda.cat\/wp-content\/uploads\/2023\/10\/asamblea-junio-2023-foto-grande-1536x893.jpg 1536w, https:\/\/vallpineda.cat\/wp-content\/uploads\/2023\/10\/asamblea-junio-2023-foto-grande-2048x1191.jpg 2048w, https:\/\/vallpineda.cat\/wp-content\/uploads\/2023\/10\/asamblea-junio-2023-foto-grande-600x349.jpg 600w, https:\/\/vallpineda.cat\/wp-content\/uploads\/2023\/10\/asamblea-junio-2023-foto-grande-560x326.jpg 560w\" sizes=\"(max-width: 2560px) 100vw, 2560px\" \/>\t\t\t\t\t\t\t\t\t\t\t<figcaption class=\"widget-image-caption wp-caption-text\">Assemblea de socis celebrada el juny de 2023.<\/figcaption>\n\t\t\t\t\t\t\t\t\t\t<\/figure>\n\t\t\t\t\t\t\t\t\t<\/div>\n\t\t\t\t<\/div>\n\t\t\t\t\t<\/div>\n\t\t<\/div>\n\t\t\t\t\t<\/div>\n\t\t<\/section>\n\t\t\t\t<\/div>","protected":false},"excerpt":{"rendered":"<p>Des de la seva fundaci\u00f3 com a empresa cooperativa de serveis el 1970, Cooperativa Vallpineda disposa d&#8217;uns Estatuts propis, aprovats a Assemblea pels socis i que configuren el marc normatiu d&#8217;aquesta societat que proporciona una s\u00e8rie de serveis als ve\u00efns\/socis de la urbanitzaci\u00f3. Es tracta d&#8217;un document essencial per entendre quines s\u00f3n les funcions, els [&hellip;]<\/p>","protected":false},"author":1,"featured_media":0,"parent":0,"menu_order":0,"comment_status":"closed","ping_status":"open","template":"","meta":{"give_campaign_id":0,"footnotes":""},"class_list":["post-8815","page","type-page","status-publish","hentry"],"campaignId":"","_links":{"self":[{"href":"https:\/\/vallpineda.cat\/ca\/wp-json\/wp\/v2\/pages\/8815","targetHints":{"allow":["GET"]}}],"collection":[{"href":"https:\/\/vallpineda.cat\/ca\/wp-json\/wp\/v2\/pages"}],"about":[{"href":"https:\/\/vallpineda.cat\/ca\/wp-json\/wp\/v2\/types\/page"}],"author":[{"embeddable":true,"href":"https:\/\/vallpineda.cat\/ca\/wp-json\/wp\/v2\/users\/1"}],"replies":[{"embeddable":true,"href":"https:\/\/vallpineda.cat\/ca\/wp-json\/wp\/v2\/comments?post=8815"}],"version-history":[{"count":4,"href":"https:\/\/vallpineda.cat\/ca\/wp-json\/wp\/v2\/pages\/8815\/revisions"}],"predecessor-version":[{"id":8819,"href":"https:\/\/vallpineda.cat\/ca\/wp-json\/wp\/v2\/pages\/8815\/revisions\/8819"}],"wp:attachment":[{"href":"https:\/\/vallpineda.cat\/ca\/wp-json\/wp\/v2\/media?parent=8815"}],"curies":[{"name":"wp","href":"https:\/\/api.w.org\/{rel}","templated":true}]}}