{"id":8760,"date":"2023-11-26T22:01:50","date_gmt":"2023-11-26T20:01:50","guid":{"rendered":"https:\/\/vallpineda.cat\/?page_id=8760"},"modified":"2026-03-30T08:48:32","modified_gmt":"2026-03-30T06:48:32","slug":"contacte","status":"publish","type":"page","link":"https:\/\/vallpineda.cat\/ca\/contacte\/","title":{"rendered":"Contacte"},"content":{"rendered":"<h3>Contacti amb nosaltres:<\/h3>\n<p>Feu-nos arribar les vostres preocupacions i suggeriments per millorar la urbanitzaci\u00f3 de Vallpineda. Faciliteu-nos un correu electr\u00f2nic per rebre el butllet\u00ed informatiu online amb informaci\u00f3 important per als socis.<\/p>\n<p><style>\/*! elementor - v3.14.0 - 26-06-2023 *\/<br \/>\n.elementor-heading-title{padding:0;margin:0;line-height:1}.elementor-widget-heading .elementor-heading-title[class*=elementor-size-]>a{color:inherit;font-size:inherit;line-height:inherit}.elementor-widget-heading .elementor-heading-title.elementor-size-small{font-size:15px}.elementor-widget-heading .elementor-heading-title.elementor-size-medium{font-size:19px}.elementor-widget-heading .elementor-heading-title.elementor-size-large{font-size:29px}.elementor-widget-heading .elementor-heading-title.elementor-size-xl{font-size:39px}.elementor-widget-heading .elementor-heading-title.elementor-size-xxl{font-size:59px}<\/style><\/p>\n<h3>Cooperativa Vallpineda<\/h3>\n<p><label>Adre\u00e7a:<\/label><br \/>Avda. Sant\u00edssima Trinitat, 28 08810 Sant Pere de Ribes (Barcelona, Espanya)<br \/><label>Oficines:<\/label><br \/><a href=\"tel:938942749\">+34 938 942 749<\/a><br \/><label>Seguretat: <\/label><br \/><a href=\"tel:\">637 415 138 | 627 973 122<\/a><br \/><label>Mail:<\/label><br \/><a href=\"mailto:info@vallpineda.cat\">info@vallpineda.cat<\/a><\/p>\n<p><strong>HORARI D&#8217;OFICINES:<br \/>De dilluns a dijous:<\/strong>\u00a0<br \/>de 8:00 a 14:00h<br \/>15:00 a 18:00h<br \/><strong>Divendres:<\/strong>\u00a0<br \/>de 8:00 a 15:00h<\/p>\n<p><a style=\"background-color: #0050b6;\" href=\"https:\/\/www.instagram.com\/vallpineda.cooperativa\/\" target=\"_blank\" rel=\"noopener\"><br \/>Instagram<br \/><\/a><br \/><a style=\"background-color: #0050b6;\" href=\"https:\/\/www.facebook.com\/vallpineda.cooperativa\" target=\"_blank\" rel=\"noopener\"><br \/>Facebook-square<br \/><\/a><br \/><a style=\"background-color: #0050b6;\" href=\"#\" target=\"_blank\" rel=\"noopener\"><br \/>Whatsapp<br \/><\/a><\/p>\n<h3>Escriu el teu missatge:<\/h3>\n\n<div class=\"wpcf7 no-js\" id=\"wpcf7-f294-o1\" lang=\"en-US\" dir=\"ltr\" data-wpcf7-id=\"294\">\n<div class=\"screen-reader-response\"><p role=\"status\" aria-live=\"polite\" aria-atomic=\"true\"><\/p> <ul><\/ul><\/div>\n<form action=\"\/ca\/wp-json\/wp\/v2\/pages\/8760#wpcf7-f294-o1\" method=\"post\" class=\"wpcf7-form init\" aria-label=\"Contact form\" novalidate=\"novalidate\" data-status=\"init\" data-trp-original-action=\"\/ca\/wp-json\/wp\/v2\/pages\/8760#wpcf7-f294-o1\">\n<fieldset class=\"hidden-fields-container\"><input type=\"hidden\" name=\"_wpcf7\" value=\"294\" \/><input type=\"hidden\" name=\"_wpcf7_version\" value=\"6.1.5\" \/><input type=\"hidden\" name=\"_wpcf7_locale\" value=\"en_US\" \/><input type=\"hidden\" name=\"_wpcf7_unit_tag\" value=\"wpcf7-f294-o1\" \/><input type=\"hidden\" name=\"_wpcf7_container_post\" value=\"0\" \/><input type=\"hidden\" name=\"_wpcf7_posted_data_hash\" value=\"\" \/>\n<\/fieldset>\n<div class=\"contact-form-egovt\">\n\t<div class=\"con\">\n\t\t<div class=\"input name\">\n\t\t\t<p><span class=\"wpcf7-form-control-wrap\" data-name=\"your-name\"><input size=\"40\" maxlength=\"400\" class=\"wpcf7-form-control wpcf7-text wpcf7-validates-as-required\" id=\"your-name\" aria-required=\"true\" aria-invalid=\"false\" placeholder=\"Nombre\" value=\"\" type=\"text\" name=\"your-name\" \/><\/span>\n\t\t\t<\/p>\n\t\t<\/div>\n\t\t<div class=\"input email\">\n\t\t\t<p><span class=\"wpcf7-form-control-wrap\" data-name=\"your-email\"><input size=\"40\" maxlength=\"400\" class=\"wpcf7-form-control wpcf7-email wpcf7-validates-as-required wpcf7-text wpcf7-validates-as-email\" id=\"your-email\" aria-required=\"true\" aria-invalid=\"false\" placeholder=\"Email\" value=\"\" type=\"email\" name=\"your-email\" \/><\/span>\n\t\t\t<\/p>\n\t\t<\/div>\n\t\t<div class=\"input subject\">\n\t\t\t<p><span class=\"wpcf7-form-control-wrap\" data-name=\"your-subject\"><input size=\"40\" maxlength=\"400\" class=\"wpcf7-form-control wpcf7-text wpcf7-validates-as-required\" id=\"your-subject\" aria-required=\"true\" aria-invalid=\"false\" placeholder=\"Asunto\" value=\"\" type=\"text\" name=\"your-subject\" \/><\/span>\n\t\t\t<\/p>\n\t\t<\/div>\n\t<\/div>\n\t<div class=\"con\">\n\t\t<div class=\"comment\">\n\t\t\t<p><span class=\"wpcf7-form-control-wrap\" data-name=\"your-comment\"><textarea cols=\"40\" rows=\"10\" maxlength=\"2000\" class=\"wpcf7-form-control wpcf7-textarea wpcf7-validates-as-required\" id=\"your-comment\" aria-required=\"true\" aria-invalid=\"false\" placeholder=\"Escribe tu mensaje...\" name=\"your-comment\"><\/textarea><\/span>\n\t\t\t<\/p>\n\t\t<\/div>\n\t<\/div>\n\t<p><input class=\"wpcf7-form-control wpcf7-submit has-spinner second_font\" id=\"form-submit\" type=\"submit\" value=\"ENVIAR\" \/>\n\t<\/p>\n<\/div><div class=\"wpcf7-response-output\" aria-hidden=\"true\"><\/div>\n<input type=\"hidden\" name=\"trp-form-language\" value=\"ca\"\/><\/form>\n<\/div>\n\n<p><style>\/*! elementor - v3.14.0 - 26-06-2023 *\/<br \/>\n.elementor-widget-google_maps .elementor-widget-container{overflow:hidden}.elementor-widget-google_maps .elementor-custom-embed{line-height:0}.elementor-widget-google_maps iframe{height:300px}<\/style><\/p>\n<p><iframe title=\"avenida sant\u00edsima trinidad 28, 08810, sant pere de ribes, barcelona\" src=\"https:\/\/maps.google.com\/maps?q=avenida%20sant%C3%ADsima%20trinidad%2028%2C%2008810%2C%20sant%20pere%20de%20ribes%2C%20barcelona&amp;t=m&amp;z=17&amp;output=embed&amp;iwloc=near\" aria-label=\"avenida sant\u00edsima trinidad 28, 08810, sant pere de ribes, barcelona\"><\/iframe><\/p>\n\n\n<p><\/p>","protected":false},"excerpt":{"rendered":"<p>Contacti amb nosaltres: Feu-nos arribar les vostres preocupacions i suggeriments per millorar la urbanitzaci\u00f3 de Vallpineda. Faciliteu-nos un correu electr\u00f2nic per rebre el butllet\u00ed informatiu online amb informaci\u00f3 important per als socis. Cooperativa Vallpineda Adre\u00e7a:Avda. Sant\u00edssima Trinitat, 28 08810 Sant Pere de Ribes (Barcelona, Espanya)Oficines:+34 938 942 749Seguretat: 637 415 138 | 627 973 122Mail:info@vallpineda.cat [&hellip;]<\/p>","protected":false},"author":1,"featured_media":1989,"parent":0,"menu_order":0,"comment_status":"closed","ping_status":"closed","template":"elementor_header_footer","meta":{"give_campaign_id":0,"footnotes":""},"class_list":["post-8760","page","type-page","status-publish","has-post-thumbnail","hentry"],"campaignId":"","_links":{"self":[{"href":"https:\/\/vallpineda.cat\/ca\/wp-json\/wp\/v2\/pages\/8760","targetHints":{"allow":["GET"]}}],"collection":[{"href":"https:\/\/vallpineda.cat\/ca\/wp-json\/wp\/v2\/pages"}],"about":[{"href":"https:\/\/vallpineda.cat\/ca\/wp-json\/wp\/v2\/types\/page"}],"author":[{"embeddable":true,"href":"https:\/\/vallpineda.cat\/ca\/wp-json\/wp\/v2\/users\/1"}],"replies":[{"embeddable":true,"href":"https:\/\/vallpineda.cat\/ca\/wp-json\/wp\/v2\/comments?post=8760"}],"version-history":[{"count":9,"href":"https:\/\/vallpineda.cat\/ca\/wp-json\/wp\/v2\/pages\/8760\/revisions"}],"predecessor-version":[{"id":9766,"href":"https:\/\/vallpineda.cat\/ca\/wp-json\/wp\/v2\/pages\/8760\/revisions\/9766"}],"wp:featuredmedia":[{"embeddable":true,"href":"https:\/\/vallpineda.cat\/ca\/wp-json\/wp\/v2\/media\/1989"}],"wp:attachment":[{"href":"https:\/\/vallpineda.cat\/ca\/wp-json\/wp\/v2\/media?parent=8760"}],"curies":[{"name":"wp","href":"https:\/\/api.w.org\/{rel}","templated":true}]}}