{"id":8752,"date":"2023-11-26T21:43:39","date_gmt":"2023-11-26T19:43:39","guid":{"rendered":"https:\/\/vallpineda.cat\/?page_id=8752"},"modified":"2024-02-02T20:21:38","modified_gmt":"2024-02-02T18:21:38","slug":"consell-rector","status":"publish","type":"page","link":"https:\/\/vallpineda.cat\/ca\/consell-rector\/","title":{"rendered":"Consell Rector"},"content":{"rendered":"<div data-elementor-type=\"wp-page\" data-elementor-id=\"8752\" class=\"elementor elementor-8752\">\n\t\t\t\t\t\t<section class=\"elementor-section elementor-top-section elementor-element elementor-element-58a86eb elementor-section-boxed elementor-section-height-default elementor-section-height-default\" data-id=\"58a86eb\" data-element_type=\"section\" data-e-type=\"section\">\n\t\t\t\t\t\t<div class=\"elementor-container elementor-column-gap-default\">\n\t\t\t\t\t<div class=\"elementor-column elementor-col-50 elementor-top-column elementor-element elementor-element-85356d1\" data-id=\"85356d1\" data-element_type=\"column\" data-e-type=\"column\">\n\t\t\t<div class=\"elementor-widget-wrap elementor-element-populated\">\n\t\t\t\t\t\t<div class=\"elementor-element elementor-element-cea34c0 elementor-widget__width-initial elementor-invisible elementor-widget elementor-widget-image\" data-id=\"cea34c0\" data-element_type=\"widget\" data-e-type=\"widget\" data-settings=\"{&quot;_animation&quot;:&quot;fadeInLeft&quot;}\" data-widget_type=\"image.default\">\n\t\t\t\t<div class=\"elementor-widget-container\">\n\t\t\t\t\t\t\t\t\t\t\t\t\t\t\t<img fetchpriority=\"high\" decoding=\"async\" width=\"1280\" height=\"800\" src=\"https:\/\/vallpineda.cat\/wp-content\/uploads\/2024\/02\/collage-Consejo-Rector-fotos-Team.jpg\" class=\"attachment-full size-full wp-image-9535\" alt=\"\" srcset=\"https:\/\/vallpineda.cat\/wp-content\/uploads\/2024\/02\/collage-Consejo-Rector-fotos-Team.jpg 1280w, https:\/\/vallpineda.cat\/wp-content\/uploads\/2024\/02\/collage-Consejo-Rector-fotos-Team-300x188.jpg 300w, https:\/\/vallpineda.cat\/wp-content\/uploads\/2024\/02\/collage-Consejo-Rector-fotos-Team-1024x640.jpg 1024w, https:\/\/vallpineda.cat\/wp-content\/uploads\/2024\/02\/collage-Consejo-Rector-fotos-Team-768x480.jpg 768w, https:\/\/vallpineda.cat\/wp-content\/uploads\/2024\/02\/collage-Consejo-Rector-fotos-Team-600x375.jpg 600w, https:\/\/vallpineda.cat\/wp-content\/uploads\/2024\/02\/collage-Consejo-Rector-fotos-Team-560x350.jpg 560w\" sizes=\"(max-width: 1280px) 100vw, 1280px\" \/>\t\t\t\t\t\t\t\t\t\t\t\t\t\t\t<\/div>\n\t\t\t\t<\/div>\n\t\t\t\t\t<\/div>\n\t\t<\/div>\n\t\t\t\t<div class=\"elementor-column elementor-col-50 elementor-top-column elementor-element elementor-element-e65de32\" data-id=\"e65de32\" data-element_type=\"column\" data-e-type=\"column\">\n\t\t\t<div class=\"elementor-widget-wrap elementor-element-populated\">\n\t\t\t\t\t\t<div class=\"elementor-element elementor-element-4710570 elementor-widget__width-initial elementor-widget elementor-widget-heading\" data-id=\"4710570\" data-element_type=\"widget\" data-e-type=\"widget\" data-widget_type=\"heading.default\">\n\t\t\t\t<div class=\"elementor-widget-container\">\n\t\t\t\t\t<h2 class=\"elementor-heading-title elementor-size-default\">Consell Rector<\/h2>\t\t\t\t<\/div>\n\t\t\t\t<\/div>\n\t\t\t\t<div class=\"elementor-element elementor-element-31be6c2 elementor-widget elementor-widget-text-editor\" data-id=\"31be6c2\" data-element_type=\"widget\" data-e-type=\"widget\" data-widget_type=\"text-editor.default\">\n\t\t\t\t<div class=\"elementor-widget-container\">\n\t\t\t\t\t\t\t\t\t<p class=\"p1\">El <b>Consell<\/b> <b>Rector<\/b> \u00e9s l&#8217;organ de govern de Cooperativa i els seus membres s\u2019escolleixen en Assemblea, en una votaci\u00f3 entre els socis assistents per un mandat de quatre anys. L\u2019actual consell rector va guanyar les eleccions a <b>l\u2019octubre de 2022<\/b>, amb la qual cosa t\u00e9 mandat fins el <b>mateix<\/b> <b>mes de 2026.<br \/><\/b><span style=\"letter-spacing: 0px;\">Per ser membre del consell \u00e9s imprescindible ser soci de Cooperativa i no tenir deutes pendents amb la societat. Els Estatuts indiquen un <b>l\u00edmit de 8 anys<\/b> per a tots els c\u00e0rrecs del Consell Rector. Aquells que ja hagin sumat aquests anys als diferentes c\u00e0rrecs del consell no podran tornar a presentar-se.<\/span><\/p>\t\t\t\t\t\t\t\t<\/div>\n\t\t\t\t<\/div>\n\t\t\t\t\t<\/div>\n\t\t<\/div>\n\t\t\t\t\t<\/div>\n\t\t<\/section>\n\t\t\t\t<section class=\"elementor-section elementor-top-section elementor-element elementor-element-b978add elementor-section-boxed elementor-section-height-default elementor-section-height-default\" data-id=\"b978add\" data-element_type=\"section\" data-e-type=\"section\">\n\t\t\t\t\t\t<div class=\"elementor-container elementor-column-gap-default\">\n\t\t\t\t\t<div class=\"elementor-column elementor-col-50 elementor-top-column elementor-element elementor-element-ce88fca\" data-id=\"ce88fca\" data-element_type=\"column\" data-e-type=\"column\">\n\t\t\t<div class=\"elementor-widget-wrap elementor-element-populated\">\n\t\t\t\t\t\t<div class=\"elementor-element elementor-element-c7bc272 elementor-widget__width-initial elementor-widget-mobile__width-initial elementor-widget elementor-widget-heading\" data-id=\"c7bc272\" data-element_type=\"widget\" data-e-type=\"widget\" data-widget_type=\"heading.default\">\n\t\t\t\t<div class=\"elementor-widget-container\">\n\t\t\t\t\t<h2 class=\"elementor-heading-title elementor-size-default\">El Consell  Rector (2022-2026)<\/h2>\t\t\t\t<\/div>\n\t\t\t\t<\/div>\n\t\t\t\t<div class=\"elementor-element elementor-element-41e17c0 elementor-widget__width-initial elementor-widget-mobile__width-initial elementor-widget elementor-widget-ova_list_checked\" data-id=\"41e17c0\" data-element_type=\"widget\" data-e-type=\"widget\" data-widget_type=\"ova_list_checked.default\">\n\t\t\t\t<div class=\"elementor-widget-container\">\n\t\t\t\t\t\t\t\n\t\t<div class=\"ova_list_checked\" >\n\t\t\t\t\t\t\t<ul>\n\t\t\t\t\t\t\t\t\t<li class=\"item\">\n\t\t\t\t\t\t<i data-feather=\"check-circle\"><\/i>\n\t\t\t\t\t\t<span>ALEX LYRA. President.<\/span>\n\t\t\t\t\t<\/li>\n\t\t\t\t\t\t\t\t\t<li class=\"item\">\n\t\t\t\t\t\t<i data-feather=\"check-circle\"><\/i>\n\t\t\t\t\t\t<span>XAVIER CUY\u00c0S. Vicepresident.<\/span>\n\t\t\t\t\t<\/li>\n\t\t\t\t\t\t\t\t\t<li class=\"item\">\n\t\t\t\t\t\t<i data-feather=\"check-circle\"><\/i>\n\t\t\t\t\t\t<span>LUIS VILLAR. Secretari.<\/span>\n\t\t\t\t\t<\/li>\n\t\t\t\t\t\t\t\t\t<li class=\"item\">\n\t\t\t\t\t\t<i data-feather=\"check-circle\"><\/i>\n\t\t\t\t\t\t<span>CARLOS CAPA. Tresorer.<\/span>\n\t\t\t\t\t<\/li>\n\t\t\t\t\t\t\t\t\t<li class=\"item\">\n\t\t\t\t\t\t<i data-feather=\"check-circle\"><\/i>\n\t\t\t\t\t\t<span>IMMA CANALES. Vocal.<\/span>\n\t\t\t\t\t<\/li>\n\t\t\t\t\t\t\t\t<\/ul>\n\t\t\t\n\t\t<\/div>\n\n\t\t\t\t\t\t<\/div>\n\t\t\t\t<\/div>\n\t\t\t\t\t<\/div>\n\t\t<\/div>\n\t\t\t\t<div class=\"elementor-column elementor-col-50 elementor-top-column elementor-element elementor-element-a53817e\" data-id=\"a53817e\" data-element_type=\"column\" data-e-type=\"column\">\n\t\t\t<div class=\"elementor-widget-wrap elementor-element-populated\">\n\t\t\t\t\t\t<div class=\"elementor-element elementor-element-bc34857 elementor-widget__width-initial elementor-widget elementor-widget-heading\" data-id=\"bc34857\" data-element_type=\"widget\" data-e-type=\"widget\" data-widget_type=\"heading.default\">\n\t\t\t\t<div class=\"elementor-widget-container\">\n\t\t\t\t\t<h2 class=\"elementor-heading-title elementor-size-default\">Compromisos<\/h2>\t\t\t\t<\/div>\n\t\t\t\t<\/div>\n\t\t\t\t<div class=\"elementor-element elementor-element-3003a85 elementor-widget__width-initial elementor-widget elementor-widget-ova_list_checked\" data-id=\"3003a85\" data-element_type=\"widget\" data-e-type=\"widget\" data-widget_type=\"ova_list_checked.default\">\n\t\t\t\t<div class=\"elementor-widget-container\">\n\t\t\t\t\t\t\t\n\t\t<div class=\"ova_list_checked\" >\n\t\t\t\t\t\t\t<ul>\n\t\t\t\t\t\t\t\t\t<li class=\"item\">\n\t\t\t\t\t\t<i data-feather=\"check-circle\"><\/i>\n\t\t\t\t\t\t<span>AUDITAR: les despeses i ingresos de Cooperativa per assolir un major marge a la gesti\u00f3 i que aquesta aporti valor a l\u2019urbanitzaci\u00f3.<\/span>\n\t\t\t\t\t<\/li>\n\t\t\t\t\t\t\t\t\t<li class=\"item\">\n\t\t\t\t\t\t<i data-feather=\"check-circle\"><\/i>\n\t\t\t\t\t\t<span>FUTUR: Proposar un pla de futur per a Vallpineda que serveixi per a resoldre problemes que porten molts anys sense afrontar-se, amb especial atenci\u00f3 a l\u2019adaptaci\u00f3 al marc legal vigent per evitar sancions.<\/span>\n\t\t\t\t\t<\/li>\n\t\t\t\t\t\t\t\t\t<li class=\"item\">\n\t\t\t\t\t\t<i data-feather=\"check-circle\"><\/i>\n\t\t\t\t\t\t<span>QUOTES: Volem revisar els coeficients de les quotes dels socis. S\u2019ha de comprovar si s\u00f3n justes i proporcionals.<\/span>\n\t\t\t\t\t<\/li>\n\t\t\t\t\t\t\t\t\t<li class=\"item\">\n\t\t\t\t\t\t<i data-feather=\"check-circle\"><\/i>\n\t\t\t\t\t\t<span>RESIDUS: Vallpineda t\u00e9 que adaptar-se a la Llei de 2022 sobre recollida d\u2019escombraries. Aquesta Llei estableix clarament que s\u00f3n els ajuntaments els responsables de la recollida.<\/span>\n\t\t\t\t\t<\/li>\n\t\t\t\t\t\t\t\t\t<li class=\"item\">\n\t\t\t\t\t\t<i data-feather=\"check-circle\"><\/i>\n\t\t\t\t\t\t<span>AJUNTAMENTS: Mantindrem una comunicaci\u00f3 permanent amb els consistoris per demanar solucions als problemes de Vallpineda per als que Cooperativa no t\u00e9 compet\u00e8ncies ni mitjans per solucionar-los.<\/span>\n\t\t\t\t\t<\/li>\n\t\t\t\t\t\t\t\t\t<li class=\"item\">\n\t\t\t\t\t\t<i data-feather=\"check-circle\"><\/i>\n\t\t\t\t\t\t<span>RECEPCI\u00d3: Aquest di\u00e0leg amb els ajuntaments ha de servir tamb\u00e9 per a dissenyar un pla de Recepci\u00f3 urban\u00edstica a mitj\u00e0 termini que sigui el m\u00e9s profit\u00f3s i econ\u00f2mic posible per als ve\u00efns.<\/span>\n\t\t\t\t\t<\/li>\n\t\t\t\t\t\t\t\t\t<li class=\"item\">\n\t\t\t\t\t\t<i data-feather=\"check-circle\"><\/i>\n\t\t\t\t\t\t<span>SITGES: Acompanyarem als afectats en el litigi que molts dels socis tenen amb l\u2019ajuntament de Sitges per el proc\u00e9s de Reparcel\u00b7laci\u00f3 PAU17.<\/span>\n\t\t\t\t\t<\/li>\n\t\t\t\t\t\t\t\t\t<li class=\"item\">\n\t\t\t\t\t\t<i data-feather=\"check-circle\"><\/i>\n\t\t\t\t\t\t<span>COMUNICACI\u00d3: Els socis han de saber la realitat i context legal que afecta a Vallpineda. \u00c9s important que coneixin quines s\u00f3n les compet\u00e8ncies de Cooperativa, qu\u00e8 pot fer i qu\u00e8 no. Potenciarem diferents canals de comunicaci\u00f3 i sessions informatives.<\/span>\n\t\t\t\t\t<\/li>\n\t\t\t\t\t\t\t\t\t<li class=\"item\">\n\t\t\t\t\t\t<i data-feather=\"check-circle\"><\/i>\n\t\t\t\t\t\t<span>FONDAT: El club esportiu \u00e9s un actiu que hauria de generar ingressos a Cooperativa (o, si m\u00e9s no, cap cost). Cal analitzar el model de negoci actual i proposar un pla de futur, mantenint els avantatges per als cooperativistes.<\/span>\n\t\t\t\t\t<\/li>\n\t\t\t\t\t\t\t\t<\/ul>\n\t\t\t\n\t\t<\/div>\n\n\t\t\t\t\t\t<\/div>\n\t\t\t\t<\/div>\n\t\t\t\t\t<\/div>\n\t\t<\/div>\n\t\t\t\t\t<\/div>\n\t\t<\/section>\n\t\t\t\t<section class=\"elementor-section elementor-top-section elementor-element elementor-element-35196ad elementor-section-boxed elementor-section-height-default elementor-section-height-default\" data-id=\"35196ad\" data-element_type=\"section\" data-e-type=\"section\">\n\t\t\t\t\t\t<div class=\"elementor-container elementor-column-gap-default\">\n\t\t\t\t\t<div class=\"elementor-column elementor-col-50 elementor-top-column elementor-element elementor-element-e8e936f\" data-id=\"e8e936f\" data-element_type=\"column\" data-e-type=\"column\" data-settings=\"{&quot;background_background&quot;:&quot;classic&quot;}\">\n\t\t\t<div class=\"elementor-widget-wrap elementor-element-populated\">\n\t\t\t\t\t\t<div class=\"elementor-element elementor-element-192c766 elementor-widget elementor-widget-image\" data-id=\"192c766\" data-element_type=\"widget\" data-e-type=\"widget\" data-widget_type=\"image.default\">\n\t\t\t\t<div class=\"elementor-widget-container\">\n\t\t\t\t\t\t\t\t\t\t\t\t<figure class=\"wp-caption\">\n\t\t\t\t\t\t\t\t\t\t<img decoding=\"async\" src=\"https:\/\/vallpineda.cat\/wp-content\/uploads\/2023\/10\/20221116-aurora-carbonell-en-Vallpineda.jpg\" title=\"\" alt=\"\" loading=\"lazy\" \/>\t\t\t\t\t\t\t\t\t\t\t<figcaption class=\"widget-image-caption wp-caption-text\">L\u2019alcaldessa de Sitges, Aurora Carbonell, va visitar el nou Consell Rector de Vallpineda al novembre de 2022.<\/figcaption>\n\t\t\t\t\t\t\t\t\t\t<\/figure>\n\t\t\t\t\t\t\t\t\t<\/div>\n\t\t\t\t<\/div>\n\t\t\t\t\t<\/div>\n\t\t<\/div>\n\t\t\t\t<div class=\"elementor-column elementor-col-50 elementor-top-column elementor-element elementor-element-1652092\" data-id=\"1652092\" data-element_type=\"column\" data-e-type=\"column\" data-settings=\"{&quot;background_background&quot;:&quot;classic&quot;}\">\n\t\t\t<div class=\"elementor-widget-wrap elementor-element-populated\">\n\t\t\t\t\t\t<div class=\"elementor-element elementor-element-5e00d52 elementor-widget elementor-widget-image\" data-id=\"5e00d52\" data-element_type=\"widget\" data-e-type=\"widget\" data-widget_type=\"image.default\">\n\t\t\t\t<div class=\"elementor-widget-container\">\n\t\t\t\t\t\t\t\t\t\t\t\t<figure class=\"wp-caption\">\n\t\t\t\t\t\t\t\t\t\t<img decoding=\"async\" width=\"910\" height=\"730\" src=\"https:\/\/vallpineda.cat\/wp-content\/uploads\/2023\/10\/20221216-Abigail-Garrido-en-Vallpineda.jpg\" class=\"attachment-large size-large wp-image-7885\" alt=\"\" srcset=\"https:\/\/vallpineda.cat\/wp-content\/uploads\/2023\/10\/20221216-Abigail-Garrido-en-Vallpineda.jpg 910w, https:\/\/vallpineda.cat\/wp-content\/uploads\/2023\/10\/20221216-Abigail-Garrido-en-Vallpineda-300x241.jpg 300w, https:\/\/vallpineda.cat\/wp-content\/uploads\/2023\/10\/20221216-Abigail-Garrido-en-Vallpineda-768x616.jpg 768w, https:\/\/vallpineda.cat\/wp-content\/uploads\/2023\/10\/20221216-Abigail-Garrido-en-Vallpineda-600x481.jpg 600w, https:\/\/vallpineda.cat\/wp-content\/uploads\/2023\/10\/20221216-Abigail-Garrido-en-Vallpineda-560x449.jpg 560w\" sizes=\"(max-width: 910px) 100vw, 910px\" \/>\t\t\t\t\t\t\t\t\t\t\t<figcaption class=\"widget-image-caption wp-caption-text\">L\u2019alcaldessa de Sant Pere de Ribes, Abigail Garrido, a la seva primera reuni\u00f3 amb el Consell Rector al desembre de 2022.<\/figcaption>\n\t\t\t\t\t\t\t\t\t\t<\/figure>\n\t\t\t\t\t\t\t\t\t<\/div>\n\t\t\t\t<\/div>\n\t\t\t\t\t<\/div>\n\t\t<\/div>\n\t\t\t\t\t<\/div>\n\t\t<\/section>\n\t\t\t\t<section class=\"elementor-section elementor-top-section elementor-element elementor-element-7120134 elementor-section-boxed elementor-section-height-default elementor-section-height-default\" data-id=\"7120134\" data-element_type=\"section\" data-e-type=\"section\">\n\t\t\t\t\t\t<div class=\"elementor-container elementor-column-gap-default\">\n\t\t\t\t\t<div class=\"elementor-column elementor-col-100 elementor-top-column elementor-element elementor-element-376bee8\" data-id=\"376bee8\" data-element_type=\"column\" data-e-type=\"column\">\n\t\t\t<div class=\"elementor-widget-wrap\">\n\t\t\t\t\t\t\t<\/div>\n\t\t<\/div>\n\t\t\t\t\t<\/div>\n\t\t<\/section>\n\t\t\t\t<\/div>","protected":false},"excerpt":{"rendered":"<p>Consell Rector El Consell Rector \u00e9s l&#8217;organ de govern de Cooperativa i els seus membres s\u2019escolleixen en Assemblea, en una votaci\u00f3 entre els socis assistents per un mandat de quatre anys. L\u2019actual consell rector va guanyar les eleccions a l\u2019octubre de 2022, amb la qual cosa t\u00e9 mandat fins el mateix mes de 2026.Per ser [&hellip;]<\/p>","protected":false},"author":1,"featured_media":352,"parent":0,"menu_order":0,"comment_status":"closed","ping_status":"closed","template":"elementor_header_footer","meta":{"give_campaign_id":0,"footnotes":""},"class_list":["post-8752","page","type-page","status-publish","has-post-thumbnail","hentry"],"campaignId":"","_links":{"self":[{"href":"https:\/\/vallpineda.cat\/ca\/wp-json\/wp\/v2\/pages\/8752","targetHints":{"allow":["GET"]}}],"collection":[{"href":"https:\/\/vallpineda.cat\/ca\/wp-json\/wp\/v2\/pages"}],"about":[{"href":"https:\/\/vallpineda.cat\/ca\/wp-json\/wp\/v2\/types\/page"}],"author":[{"embeddable":true,"href":"https:\/\/vallpineda.cat\/ca\/wp-json\/wp\/v2\/users\/1"}],"replies":[{"embeddable":true,"href":"https:\/\/vallpineda.cat\/ca\/wp-json\/wp\/v2\/comments?post=8752"}],"version-history":[{"count":19,"href":"https:\/\/vallpineda.cat\/ca\/wp-json\/wp\/v2\/pages\/8752\/revisions"}],"predecessor-version":[{"id":9541,"href":"https:\/\/vallpineda.cat\/ca\/wp-json\/wp\/v2\/pages\/8752\/revisions\/9541"}],"wp:featuredmedia":[{"embeddable":true,"href":"https:\/\/vallpineda.cat\/ca\/wp-json\/wp\/v2\/media\/352"}],"wp:attachment":[{"href":"https:\/\/vallpineda.cat\/ca\/wp-json\/wp\/v2\/media?parent=8752"}],"curies":[{"name":"wp","href":"https:\/\/api.w.org\/{rel}","templated":true}]}}