{"id":7825,"date":"2023-10-09T08:53:05","date_gmt":"2023-10-09T06:53:05","guid":{"rendered":"https:\/\/vallpineda.cat\/?page_id=7825"},"modified":"2026-03-27T14:19:01","modified_gmt":"2026-03-27T12:19:01","slug":"consejo-rector","status":"publish","type":"page","link":"https:\/\/vallpineda.cat\/ca\/consejo-rector\/","title":{"rendered":"Consell Rector"},"content":{"rendered":"<div data-elementor-type=\"wp-page\" data-elementor-id=\"7825\" class=\"elementor elementor-7825\">\n\t\t\t\t\t\t<section class=\"elementor-section elementor-top-section elementor-element elementor-element-58a86eb elementor-section-boxed elementor-section-height-default elementor-section-height-default\" data-id=\"58a86eb\" data-element_type=\"section\" data-e-type=\"section\">\n\t\t\t\t\t\t<div class=\"elementor-container elementor-column-gap-default\">\n\t\t\t\t\t<div class=\"elementor-column elementor-col-50 elementor-top-column elementor-element elementor-element-85356d1\" data-id=\"85356d1\" data-element_type=\"column\" data-e-type=\"column\">\n\t\t\t<div class=\"elementor-widget-wrap elementor-element-populated\">\n\t\t\t\t\t\t<div class=\"elementor-element elementor-element-cea34c0 elementor-widget__width-initial elementor-invisible elementor-widget elementor-widget-image\" data-id=\"cea34c0\" data-element_type=\"widget\" data-e-type=\"widget\" data-settings=\"{&quot;_animation&quot;:&quot;fadeInLeft&quot;}\" data-widget_type=\"image.default\">\n\t\t\t\t<div class=\"elementor-widget-container\">\n\t\t\t\t\t\t\t\t\t\t\t\t\t\t\t<img fetchpriority=\"high\" decoding=\"async\" width=\"1280\" height=\"800\" src=\"https:\/\/vallpineda.cat\/wp-content\/uploads\/2024\/02\/collage-Consejo-Rector-fotos-Team-1.jpg\" class=\"attachment-full size-full wp-image-9542\" alt=\"\" srcset=\"https:\/\/vallpineda.cat\/wp-content\/uploads\/2024\/02\/collage-Consejo-Rector-fotos-Team-1.jpg 1280w, https:\/\/vallpineda.cat\/wp-content\/uploads\/2024\/02\/collage-Consejo-Rector-fotos-Team-1-300x188.jpg 300w, https:\/\/vallpineda.cat\/wp-content\/uploads\/2024\/02\/collage-Consejo-Rector-fotos-Team-1-1024x640.jpg 1024w, https:\/\/vallpineda.cat\/wp-content\/uploads\/2024\/02\/collage-Consejo-Rector-fotos-Team-1-768x480.jpg 768w, https:\/\/vallpineda.cat\/wp-content\/uploads\/2024\/02\/collage-Consejo-Rector-fotos-Team-1-600x375.jpg 600w, https:\/\/vallpineda.cat\/wp-content\/uploads\/2024\/02\/collage-Consejo-Rector-fotos-Team-1-560x350.jpg 560w\" sizes=\"(max-width: 1280px) 100vw, 1280px\" \/>\t\t\t\t\t\t\t\t\t\t\t\t\t\t\t<\/div>\n\t\t\t\t<\/div>\n\t\t\t\t\t<\/div>\n\t\t<\/div>\n\t\t\t\t<div class=\"elementor-column elementor-col-50 elementor-top-column elementor-element elementor-element-e65de32\" data-id=\"e65de32\" data-element_type=\"column\" data-e-type=\"column\">\n\t\t\t<div class=\"elementor-widget-wrap elementor-element-populated\">\n\t\t\t\t\t\t<div class=\"elementor-element elementor-element-4710570 elementor-widget__width-initial elementor-widget elementor-widget-heading\" data-id=\"4710570\" data-element_type=\"widget\" data-e-type=\"widget\" data-widget_type=\"heading.default\">\n\t\t\t\t<div class=\"elementor-widget-container\">\n\t\t\t\t\t<h2 class=\"elementor-heading-title elementor-size-default\">Consell Rector<\/h2>\t\t\t\t<\/div>\n\t\t\t\t<\/div>\n\t\t\t\t<div class=\"elementor-element elementor-element-31be6c2 elementor-widget elementor-widget-text-editor\" data-id=\"31be6c2\" data-element_type=\"widget\" data-e-type=\"widget\" data-widget_type=\"text-editor.default\">\n\t\t\t\t<div class=\"elementor-widget-container\">\n\t\t\t\t\t\t\t\t\t<p><span style=\"color: #62718d;\">El <strong>Consejo<\/strong> <strong>Rector<\/strong> es el \u00f3rgano de gobierno de Cooperativa y sus miembros se eligen en Asamblea, en una votaci\u00f3n entre los socios asistentes para un mandato de cuatro a\u00f1os. El actual consejo gan\u00f3 las elecciones en <b>octubre de 2022<\/b>, con lo cual tiene mandato hasta el mismo mes de <b>2026.<\/b><br \/>Para ser miembro del consejo es imprescindible ser socio de Cooperativa y no tener deudas pendientes con la sociedad. Los Estatutos marcan un <b>l\u00edmite de 8 a\u00f1os<\/b> para todos los cargos del Consejo Rector. Quienes hayan sumado esos a\u00f1os en puestos del consejo no podr\u00e1n volver a presentarse.<\/span><\/p>\t\t\t\t\t\t\t\t<\/div>\n\t\t\t\t<\/div>\n\t\t\t\t\t<\/div>\n\t\t<\/div>\n\t\t\t\t\t<\/div>\n\t\t<\/section>\n\t\t\t\t<section class=\"elementor-section elementor-top-section elementor-element elementor-element-b978add elementor-section-boxed elementor-section-height-default elementor-section-height-default\" data-id=\"b978add\" data-element_type=\"section\" data-e-type=\"section\">\n\t\t\t\t\t\t<div class=\"elementor-container elementor-column-gap-default\">\n\t\t\t\t\t<div class=\"elementor-column elementor-col-50 elementor-top-column elementor-element elementor-element-ce88fca\" data-id=\"ce88fca\" data-element_type=\"column\" data-e-type=\"column\">\n\t\t\t<div class=\"elementor-widget-wrap elementor-element-populated\">\n\t\t\t\t\t\t<div class=\"elementor-element elementor-element-c7bc272 elementor-widget__width-initial elementor-widget-mobile__width-initial elementor-widget elementor-widget-heading\" data-id=\"c7bc272\" data-element_type=\"widget\" data-e-type=\"widget\" data-widget_type=\"heading.default\">\n\t\t\t\t<div class=\"elementor-widget-container\">\n\t\t\t\t\t<h2 class=\"elementor-heading-title elementor-size-default\">El Consejo  Rector (2022-2026)<\/h2>\t\t\t\t<\/div>\n\t\t\t\t<\/div>\n\t\t\t\t<div class=\"elementor-element elementor-element-41e17c0 elementor-widget__width-initial elementor-widget-mobile__width-initial elementor-widget elementor-widget-ova_list_checked\" data-id=\"41e17c0\" data-element_type=\"widget\" data-e-type=\"widget\" data-widget_type=\"ova_list_checked.default\">\n\t\t\t\t<div class=\"elementor-widget-container\">\n\t\t\t\t\t\t\t\n\t\t<div class=\"ova_list_checked\" >\n\t\t\t\t\t\t\t<ul>\n\t\t\t\t\t\t\t\t\t<li class=\"item\">\n\t\t\t\t\t\t<i data-feather=\"check-circle\"><\/i>\n\t\t\t\t\t\t<span>ALEX LYRA. Presidente.<\/span>\n\t\t\t\t\t<\/li>\n\t\t\t\t\t\t\t\t\t<li class=\"item\">\n\t\t\t\t\t\t<i data-feather=\"check-circle\"><\/i>\n\t\t\t\t\t\t<span>LUIS VILLAR. Secretario.<\/span>\n\t\t\t\t\t<\/li>\n\t\t\t\t\t\t\t\t\t<li class=\"item\">\n\t\t\t\t\t\t<i data-feather=\"check-circle\"><\/i>\n\t\t\t\t\t\t<span>CARLOS CAPA. Tesorero.<\/span>\n\t\t\t\t\t<\/li>\n\t\t\t\t\t\t\t\t\t<li class=\"item\">\n\t\t\t\t\t\t<i data-feather=\"check-circle\"><\/i>\n\t\t\t\t\t\t<span>XAVIER ORIOL. Vocal.<\/span>\n\t\t\t\t\t<\/li>\n\t\t\t\t\t\t\t\t\t<li class=\"item\">\n\t\t\t\t\t\t<i data-feather=\"check-circle\"><\/i>\n\t\t\t\t\t\t<span>IAN SILVA. Vocal.<\/span>\n\t\t\t\t\t<\/li>\n\t\t\t\t\t\t\t\t<\/ul>\n\t\t\t\n\t\t<\/div>\n\n\t\t\t\t\t\t<\/div>\n\t\t\t\t<\/div>\n\t\t\t\t\t<\/div>\n\t\t<\/div>\n\t\t\t\t<div class=\"elementor-column elementor-col-50 elementor-top-column elementor-element elementor-element-a53817e\" data-id=\"a53817e\" data-element_type=\"column\" data-e-type=\"column\">\n\t\t\t<div class=\"elementor-widget-wrap elementor-element-populated\">\n\t\t\t\t\t\t<div class=\"elementor-element elementor-element-bc34857 elementor-widget__width-initial elementor-widget elementor-widget-heading\" data-id=\"bc34857\" data-element_type=\"widget\" data-e-type=\"widget\" data-widget_type=\"heading.default\">\n\t\t\t\t<div class=\"elementor-widget-container\">\n\t\t\t\t\t<h2 class=\"elementor-heading-title elementor-size-default\">Compromisos<\/h2>\t\t\t\t<\/div>\n\t\t\t\t<\/div>\n\t\t\t\t<div class=\"elementor-element elementor-element-3003a85 elementor-widget__width-initial elementor-widget elementor-widget-ova_list_checked\" data-id=\"3003a85\" data-element_type=\"widget\" data-e-type=\"widget\" data-widget_type=\"ova_list_checked.default\">\n\t\t\t\t<div class=\"elementor-widget-container\">\n\t\t\t\t\t\t\t\n\t\t<div class=\"ova_list_checked\" >\n\t\t\t\t\t\t\t<ul>\n\t\t\t\t\t\t\t\t\t<li class=\"item\">\n\t\t\t\t\t\t<i data-feather=\"check-circle\"><\/i>\n\t\t\t\t\t\t<span>AUDITAR: los gastos e ingresos de Cooperativa para conseguir un mayor margen en la gesti\u00f3n y que esta aporte valor a la urbanizaci\u00f3n.<\/span>\n\t\t\t\t\t<\/li>\n\t\t\t\t\t\t\t\t\t<li class=\"item\">\n\t\t\t\t\t\t<i data-feather=\"check-circle\"><\/i>\n\t\t\t\t\t\t<span>FUTURO: Proponer un plan de futuro para Vallpineda que sirva para resolver problemas que llevan muchos a\u00f1os sin afrontarse, con especial atenci\u00f3n a la adaptaci\u00f3n al nuevo marco normativo para evitar sanciones.<\/span>\n\t\t\t\t\t<\/li>\n\t\t\t\t\t\t\t\t\t<li class=\"item\">\n\t\t\t\t\t\t<i data-feather=\"check-circle\"><\/i>\n\t\t\t\t\t\t<span>CUOTAS: Queremos revisar los coeficientes de las cuotas de los socios. Hay que comprobar si las cuotas son justas y equitativas.<\/span>\n\t\t\t\t\t<\/li>\n\t\t\t\t\t\t\t\t\t<li class=\"item\">\n\t\t\t\t\t\t<i data-feather=\"check-circle\"><\/i>\n\t\t\t\t\t\t<span>RESIDUOS: Vallpineda tiene que adaptarse a la Ley de 2022 sobre recogida de basuras para evitar sanciones. La citada Ley establece claramente que son los ayuntamientos los responsables de la recogida de basuras.<\/span>\n\t\t\t\t\t<\/li>\n\t\t\t\t\t\t\t\t\t<li class=\"item\">\n\t\t\t\t\t\t<i data-feather=\"check-circle\"><\/i>\n\t\t\t\t\t\t<span>AYUNTAMIENTOS: Mantendrenos una comunicaci\u00f3n constante con los consistorios para pedirles soluciones a los problemas de Vallpineda y para los cuales Cooperativa no tiene competencias ni medios para solucionarlos.<\/span>\n\t\t\t\t\t<\/li>\n\t\t\t\t\t\t\t\t\t<li class=\"item\">\n\t\t\t\t\t\t<i data-feather=\"check-circle\"><\/i>\n\t\t\t\t\t\t<span>RECEPCI\u00d3N: Ese di\u00e1logo con los ayuntamientos debe servir tambi\u00e9n para dise\u00f1ar un plan de Recepci\u00f3n urban\u00edstica a medio plazo que sea lo m\u00e1s beneficioso y econ\u00f3mico para los vecinos<\/span>\n\t\t\t\t\t<\/li>\n\t\t\t\t\t\t\t\t\t<li class=\"item\">\n\t\t\t\t\t\t<i data-feather=\"check-circle\"><\/i>\n\t\t\t\t\t\t<span>SITGES: Acompa\u00f1aremos a los afectados por el litigio que muchos de los socios tienen actualmente con el Ayuntamiento de Sitges por el proceso de Reparcelaci\u00f3n PAU 17. <\/span>\n\t\t\t\t\t<\/li>\n\t\t\t\t\t\t\t\t\t<li class=\"item\">\n\t\t\t\t\t\t<i data-feather=\"check-circle\"><\/i>\n\t\t\t\t\t\t<span>COMUNICACI\u00d3N: Los socios tienen que conocer la realidad y contexto legal que afecta a Vallpineda. Es importante que conozcan cu\u00e1les son las competencias de Cooperativa, qu\u00e9 puede hacer y qu\u00e9 no. Potenciaremos diferentes canales de comunicaci\u00f3n y sesiones informativas. <\/span>\n\t\t\t\t\t<\/li>\n\t\t\t\t\t\t\t\t\t<li class=\"item\">\n\t\t\t\t\t\t<i data-feather=\"check-circle\"><\/i>\n\t\t\t\t\t\t<span>FONDAT:  El club deportivo es un activo que deber\u00eda generar ingresos a Cooperativa (o, al menos, ning\u00fan coste). Hay que analizar el actual modelo de negocio y proponer un plan de futuro, manteniendo las ventajas para los cooperativistas.<\/span>\n\t\t\t\t\t<\/li>\n\t\t\t\t\t\t\t\t<\/ul>\n\t\t\t\n\t\t<\/div>\n\n\t\t\t\t\t\t<\/div>\n\t\t\t\t<\/div>\n\t\t\t\t\t<\/div>\n\t\t<\/div>\n\t\t\t\t\t<\/div>\n\t\t<\/section>\n\t\t\t\t<section class=\"elementor-section elementor-top-section elementor-element elementor-element-35196ad elementor-section-boxed elementor-section-height-default elementor-section-height-default\" data-id=\"35196ad\" data-element_type=\"section\" data-e-type=\"section\">\n\t\t\t\t\t\t<div class=\"elementor-container elementor-column-gap-default\">\n\t\t\t\t\t<div class=\"elementor-column elementor-col-50 elementor-top-column elementor-element elementor-element-e8e936f\" data-id=\"e8e936f\" data-element_type=\"column\" data-e-type=\"column\" data-settings=\"{&quot;background_background&quot;:&quot;classic&quot;}\">\n\t\t\t<div class=\"elementor-widget-wrap elementor-element-populated\">\n\t\t\t\t\t\t<div class=\"elementor-element elementor-element-192c766 elementor-widget elementor-widget-image\" data-id=\"192c766\" data-element_type=\"widget\" data-e-type=\"widget\" data-widget_type=\"image.default\">\n\t\t\t\t<div class=\"elementor-widget-container\">\n\t\t\t\t\t\t\t\t\t\t\t\t<figure class=\"wp-caption\">\n\t\t\t\t\t\t\t\t\t\t<img decoding=\"async\" src=\"https:\/\/vallpineda.cat\/wp-content\/uploads\/2023\/10\/20221116-aurora-carbonell-en-Vallpineda.jpg\" title=\"\" alt=\"\" loading=\"lazy\" \/>\t\t\t\t\t\t\t\t\t\t\t<figcaption class=\"widget-image-caption wp-caption-text\">La alcaldesa de Sitges, Aurora Carbonell, visit\u00f3 al nuevo Consejo Rector de Vallpineda en noviembre de 2022.<\/figcaption>\n\t\t\t\t\t\t\t\t\t\t<\/figure>\n\t\t\t\t\t\t\t\t\t<\/div>\n\t\t\t\t<\/div>\n\t\t\t\t\t<\/div>\n\t\t<\/div>\n\t\t\t\t<div class=\"elementor-column elementor-col-50 elementor-top-column elementor-element elementor-element-1652092\" data-id=\"1652092\" data-element_type=\"column\" data-e-type=\"column\" data-settings=\"{&quot;background_background&quot;:&quot;classic&quot;}\">\n\t\t\t<div class=\"elementor-widget-wrap elementor-element-populated\">\n\t\t\t\t\t\t<div class=\"elementor-element elementor-element-5e00d52 elementor-widget elementor-widget-image\" data-id=\"5e00d52\" data-element_type=\"widget\" data-e-type=\"widget\" data-widget_type=\"image.default\">\n\t\t\t\t<div class=\"elementor-widget-container\">\n\t\t\t\t\t\t\t\t\t\t\t\t<figure class=\"wp-caption\">\n\t\t\t\t\t\t\t\t\t\t<img decoding=\"async\" width=\"910\" height=\"730\" src=\"https:\/\/vallpineda.cat\/wp-content\/uploads\/2023\/10\/20221216-Abigail-Garrido-en-Vallpineda.jpg\" class=\"attachment-large size-large wp-image-7885\" alt=\"\" srcset=\"https:\/\/vallpineda.cat\/wp-content\/uploads\/2023\/10\/20221216-Abigail-Garrido-en-Vallpineda.jpg 910w, https:\/\/vallpineda.cat\/wp-content\/uploads\/2023\/10\/20221216-Abigail-Garrido-en-Vallpineda-300x241.jpg 300w, https:\/\/vallpineda.cat\/wp-content\/uploads\/2023\/10\/20221216-Abigail-Garrido-en-Vallpineda-768x616.jpg 768w, https:\/\/vallpineda.cat\/wp-content\/uploads\/2023\/10\/20221216-Abigail-Garrido-en-Vallpineda-600x481.jpg 600w, https:\/\/vallpineda.cat\/wp-content\/uploads\/2023\/10\/20221216-Abigail-Garrido-en-Vallpineda-560x449.jpg 560w\" sizes=\"(max-width: 910px) 100vw, 910px\" \/>\t\t\t\t\t\t\t\t\t\t\t<figcaption class=\"widget-image-caption wp-caption-text\">La alcaldesa de Sant Pere de Ribes, Abigail Garrido, en su primera reuni\u00f3n con el nuevo Consejo Rector en diciembre de 2022.<\/figcaption>\n\t\t\t\t\t\t\t\t\t\t<\/figure>\n\t\t\t\t\t\t\t\t\t<\/div>\n\t\t\t\t<\/div>\n\t\t\t\t\t<\/div>\n\t\t<\/div>\n\t\t\t\t\t<\/div>\n\t\t<\/section>\n\t\t\t\t<section class=\"elementor-section elementor-top-section elementor-element elementor-element-7120134 elementor-section-boxed elementor-section-height-default elementor-section-height-default\" data-id=\"7120134\" data-element_type=\"section\" data-e-type=\"section\">\n\t\t\t\t\t\t<div class=\"elementor-container elementor-column-gap-default\">\n\t\t\t\t\t<div class=\"elementor-column elementor-col-100 elementor-top-column elementor-element elementor-element-376bee8\" data-id=\"376bee8\" data-element_type=\"column\" data-e-type=\"column\">\n\t\t\t<div class=\"elementor-widget-wrap\">\n\t\t\t\t\t\t\t<\/div>\n\t\t<\/div>\n\t\t\t\t\t<\/div>\n\t\t<\/section>\n\t\t\t\t<\/div>","protected":false},"excerpt":{"rendered":"<p>Consejo Rector El Consejo Rector es el \u00f3rgano de gobierno de Cooperativa y sus miembros se eligen en Asamblea, en una votaci\u00f3n entre los socios asistentes para un mandato de cuatro a\u00f1os. El actual consejo gan\u00f3 las elecciones en octubre de 2022, con lo cual tiene mandato hasta el mismo mes de 2026.Para ser miembro [&hellip;]<\/p>","protected":false},"author":1,"featured_media":352,"parent":0,"menu_order":0,"comment_status":"closed","ping_status":"closed","template":"elementor_header_footer","meta":{"give_campaign_id":0,"footnotes":""},"class_list":["post-7825","page","type-page","status-publish","has-post-thumbnail","hentry"],"campaignId":"","_links":{"self":[{"href":"https:\/\/vallpineda.cat\/ca\/wp-json\/wp\/v2\/pages\/7825","targetHints":{"allow":["GET"]}}],"collection":[{"href":"https:\/\/vallpineda.cat\/ca\/wp-json\/wp\/v2\/pages"}],"about":[{"href":"https:\/\/vallpineda.cat\/ca\/wp-json\/wp\/v2\/types\/page"}],"author":[{"embeddable":true,"href":"https:\/\/vallpineda.cat\/ca\/wp-json\/wp\/v2\/users\/1"}],"replies":[{"embeddable":true,"href":"https:\/\/vallpineda.cat\/ca\/wp-json\/wp\/v2\/comments?post=7825"}],"version-history":[{"count":115,"href":"https:\/\/vallpineda.cat\/ca\/wp-json\/wp\/v2\/pages\/7825\/revisions"}],"predecessor-version":[{"id":9755,"href":"https:\/\/vallpineda.cat\/ca\/wp-json\/wp\/v2\/pages\/7825\/revisions\/9755"}],"wp:featuredmedia":[{"embeddable":true,"href":"https:\/\/vallpineda.cat\/ca\/wp-json\/wp\/v2\/media\/352"}],"wp:attachment":[{"href":"https:\/\/vallpineda.cat\/ca\/wp-json\/wp\/v2\/media?parent=7825"}],"curies":[{"name":"wp","href":"https:\/\/api.w.org\/{rel}","templated":true}]}}