{"id":7588,"date":"2023-10-03T23:25:17","date_gmt":"2023-10-03T21:25:17","guid":{"rendered":"https:\/\/vallpineda.cat\/?page_id=7588"},"modified":"2023-10-03T23:25:19","modified_gmt":"2023-10-03T21:25:19","slug":"politica-de-cookies","status":"publish","type":"page","link":"https:\/\/vallpineda.cat\/ca\/politica-de-cookies\/","title":{"rendered":"Pol\u00edtica de cookies"},"content":{"rendered":"<p>Debe tenerse en cuenta que, la utilizaci\u00f3n de las cookies en los equipos terminales de los usuarios tiene implicaciones relevantes en relaci\u00f3n con la protecci\u00f3n de datos. Y es que, mediante la utilizaci\u00f3n de cookies las entidades obtienen datos relacionados con los usuarios que posteriormente podr\u00e1n ser utilizados. Es por ello, que se determina la necesidad de informar al usuario de la utilizaci\u00f3n de cookies para que conozcan el tratamiento de datos llevado a cabo.<br><br>COOP DE CONSUMOS Y SERVICIOS DE VALLPINEDA debe realizar un an\u00e1lisis exhaustivo de las Cookies que, a trav\u00e9s de su p\u00e1gina web, pueden ser instaladas en los dispositivos inform\u00e1ticos de los usuarios. Conocida la finalidad de las mismas, COOP DE CONSUMOS Y SERVICIOS DE VALLPINEDA debe cumplir con la Ley 34\/2002, de 11 de julio, de Servicios de la Sociedad de la Informaci\u00f3n y de Comercio Electr\u00f3nico (LSSI-CE), la normativa en materia de protecci\u00f3n de datos y con las recomendaciones que la Agencia Espa\u00f1ola de Protecci\u00f3n de Datos ha publicado en su Gu\u00eda sobre el uso de Cookies.<br>Es necesario determinar que, quedan exceptuadas de la presente pol\u00edtica las cookies utilizadas para las siguientes finalidades:<\/p>\n\n\n\n<ul class=\"wp-block-list\">\n<li>Permitir \u00fanicamente la comunicaci\u00f3n entre el equipo del usuario y la red.<\/li>\n\n\n\n<li>Estrictamente prestar un servicio expresamente solicitado por el usuario.<\/li>\n<\/ul>\n\n\n\n<p>Es importante decir que, COOP DE CONSUMOS Y SERVICIOS DE VALLPINEDA podr\u00e1 utilizar dispositivos de almacenamiento y recuperaci\u00f3n de datos en equipos terminales de los destinatarios, a condici\u00f3n de que los mismos hayan dado su consentimiento despu\u00e9s de que se les haya facilitado informaci\u00f3n clara y completa sobre su utilizaci\u00f3n. La informaci\u00f3n relativa a las cookies debe mostrarse siguiendo los siguientes requisitos:<\/p>\n\n\n\n<ul class=\"wp-block-list\">\n<li>La informaci\u00f3n o la comunicaci\u00f3n debe ser concisa, transparente e inteligible.<\/li>\n\n\n\n<li>Se ha de utilizar un lenguaje claro y sencillo, evitando el uso de frases que induzcan a confusi\u00f3n o desvirt\u00faen la claridad del mensaje.<\/li>\n\n\n\n<li>La informaci\u00f3n ha de ser de f\u00e1cil acceso.<\/li>\n<\/ul>\n\n\n\n<p>Se recomienda el uso de avisos de privacidad por niveles, es decir, que contengan la informaci\u00f3n en capas, de modo que se permita al usuario ir a aquellos aspectos del aviso que sean de mayor inter\u00e9s para \u00e9l, evitando as\u00ed la fatiga informativa, y ello sin perjuicio de que la totalidad de la informaci\u00f3n se encuentre disponible en un \u00fanico lugar o en un documento completo al que se pueda acceder f\u00e1cilmente si el interesado desea consultarlo en su totalidad.<\/p>\n\n\n\n<p>COOP DE CONSUMOS Y SERVICIOS DE VALLPINEDA realizar\u00e1 de forma peri\u00f3dica la revisi\u00f3n de los posibles cambios que pudieran producirse en la gesti\u00f3n y uso de cookies con la finalidad de actualizar la informaci\u00f3n mostrada a los usuarios relativa a las cookies.<\/p>\n\n\n\n<p><\/p>\n\n\n\n<h2 class=\"wp-block-heading\">3.6.1. Informaci\u00f3n previa a la pol\u00edtica de cookies<\/h2>\n\n\n\n<p>La informaci\u00f3n sobre las cookies facilitada en el momento de solicitar el consentimiento debe ser suficientemente completa para permitir a los usuarios entender sus finalidades y el uso que se les dar\u00e1.<\/p>\n\n\n\n<p>En la informaci\u00f3n previa se deber\u00e1 incluir la siguiente informaci\u00f3n:<\/p>\n\n\n\n<ul class=\"wp-block-list\">\n<li>Identificaci\u00f3n del responsable del sitio web.<\/li>\n\n\n\n<li>Identificaci\u00f3n de las finalidades de las cookies que se utilizar\u00e1n.<\/li>\n\n\n\n<li>Informaci\u00f3n sobre si las cookies son propias o de terceros.<\/li>\n\n\n\n<li>Informaci\u00f3n gen\u00e9rica sobre el tipo de datos que se van a tratar en caso de que se elaboren perfiles.<\/li>\n\n\n\n<li>Modo en el que el usuario puede aceptar, configurar y rechazar la utilizaci\u00f3n de cookies.<\/li>\n\n\n\n<li>Un enlace claramente visible dirigido a la informaci\u00f3n complementaria y m\u00e1s detallada (pol\u00edtica de cookies).<\/li>\n<\/ul>\n\n\n\n<p>Esta informaci\u00f3n se facilitar\u00e1 antes del uso de las cookies a trav\u00e9s de un formato que sea visible para el usuario y que deber\u00e1 mantenerse hasta que el usuario preste el consentimiento o lo rechace. Ser\u00e1 necesario que la informaci\u00f3n de la primera capa se complete con un sistema o panel de configuraci\u00f3n en el que el usuario pueda optar entre aceptar o no las cookies de forma granular.<br><br>En este sentido, a continuaci\u00f3n le facilitamos aquella informaci\u00f3n que COOP DE CONSUMOS Y SERVICIOS DE VALLPINEDA debe escoger e insertar en su p\u00e1gina web, dependiendo de las Cookies que disponga, mediante una barra de encabezamiento o una ventana emergente:<\/p>\n\n\n\n<h2 class=\"wp-block-heading\">INFORMACI\u00d3N PREVIA &#8211; POL\u00cdTICA DE COOKIES<\/h2>\n\n\n\n<p><strong>Utilizaci\u00f3n de cookies propias t\u00e9cnicas:<\/strong><\/p>\n\n\n\n<p>Este sitio web utiliza Cookies propias para recopilar informaci\u00f3n con la finalidad t\u00e9cnica, no se recaban ni ceden sus datos de car\u00e1cter personal sin su consentimiento.<br>Asimismo, se informa que este sitio web dispone de enlaces a sitios web de terceros con pol\u00edticas de privacidad ajenas a COOP DE CONSUMOS Y SERVICIOS DE VALLPINEDA.<br>                                       <strong>ACEPTAR        &#8211;      M\u00c1S INFO<\/strong><\/p>\n\n\n\n<p><strong>Utilizaci\u00f3n de cookies propias y de terceros t\u00e9cnicas<\/strong>:<\/p>\n\n\n\n<p>Este sitio web utiliza Cookies propias y de terceros para recopilar informaci\u00f3n con la finalidad t\u00e9cnica, no se recaban ni ceden sus datos de car\u00e1cter personal sin su consentimiento.<br>Asimismo, se informa que este sitio web dispone de enlaces a sitios web de terceros con pol\u00edticas de privacidad ajenas a COOP DE CONSUMOS Y SERVICIOS DE VALLPINEDA.<\/p>\n\n\n\n<p>                                       <strong>ACEPTAR        &#8211;      M\u00c1S INFO<\/strong><\/p>\n\n\n\n<p>Al pulsar M\u00c1S INFO, se deber\u00e1 dirigir al usuario al apartado 2. Pol\u00edtica de cookies y no deber\u00e1 existir un panel de configuraci\u00f3n, ya que estas se instalar\u00e1n para el correcto funcionamiento de la p\u00e1gina.<\/p>\n\n\n\n<p>T\u00e9ngase en cuenta que, si acepta las cookies de terceros, deber\u00e1 eliminarlas desde las opciones del navegador o desde el sistema ofrecido por el propio tercero.<\/p>\n\n\n\n<p><br>A continuaci\u00f3n, le proporcionamos los enlaces de diversos navegadores, a trav\u00e9s de los cuales podr\u00e1 modificar la configuraci\u00f3n de su navegador sobre el uso de cookies:<\/p>\n\n\n\n<ul class=\"wp-block-list\">\n<li><strong>Firefox:<\/strong> <a href=\"http:\/\/support.mozilla.org\/es\/kb\/habilitar-y-deshabilitar-cookies-que-los-sitios-we\" target=\"_blank\" rel=\"noopener\" title=\"\">http:\/\/support.mozilla.org\/es\/kb\/habilitar-y-deshabilitar-cookies-que-los-sitios-we<\/a><\/li>\n\n\n\n<li><strong>Chrome:<\/strong> <a href=\"http:\/\/support.google.com\/chrome\/bin\/answer.py?hl=es&amp;answer=95647\" target=\"_blank\" rel=\"noopener\" title=\"\">http:\/\/support.google.com\/chrome\/bin\/answer.py?hl=es&amp;answer=95647<\/a><\/li>\n\n\n\n<li><strong>Internet Explorer:<\/strong> <a href=\"http:\/\/windows.microsoft.com\/es-es\/internet-explorer\/delete-manage-cookies#ie=ie- 10\" target=\"_blank\" rel=\"noopener\" title=\"\">http:\/\/windows.microsoft.com\/es-es\/internet-explorer\/delete-manage-cookies#ie=ie- 10<\/a><\/li>\n\n\n\n<li><strong>Microsoft Edge:<\/strong> <a href=\"https:\/\/support.microsoft.com\/es-es\/microsoft-edge\/eliminar-las-cookies-en-microsoft- edge-63947406-40ac-c3b8-57b9-2a946a29ae09\" target=\"_blank\" rel=\"noopener\" title=\"\">https:\/\/support.microsoft.com\/es-es\/microsoft-edge\/eliminar-las-cookies-en-microsoft- edge-63947406-40ac-c3b8-57b9-2a946a29ae09<\/a><\/li>\n\n\n\n<li><strong>Safari:<\/strong> <a href=\"https:\/\/support.apple.com\/kb\/ph17191?locale=es_ES\" target=\"_blank\" rel=\"noopener\" title=\"\">https:\/\/support.apple.com\/kb\/ph17191?locale=es_ES<\/a><\/li>\n\n\n\n<li><strong>Opera:<\/strong> <a href=\"https:\/\/help.opera.com\/en\/latest\/web-preferences\/#cookies\" target=\"_blank\" rel=\"noopener\" title=\"\">https:\/\/help.opera.com\/en\/latest\/web-preferences\/#cookies<\/a><\/li>\n<\/ul>\n\n\n\n<p>Para conocer m\u00e1s informaci\u00f3n sobre el tratamiento de datos personales, le recomendamos visitar nuestro apartado <strong><a href=\"https:\/\/vallpineda.cat\/ca\/politica-de-privacidad\/\" target=\"_blank\" rel=\"noopener\" title=\"\">Pol\u00edtica de Privacidad.<\/a><\/strong><\/p>\n\n\n\n<p><\/p>\n\n\n\n<p><em>\u00daLTIMA ACTUALITZACI\u00d3: 24 de maig de 2023<\/em><\/p>","protected":false},"excerpt":{"rendered":"<p>Debe tenerse en cuenta que, la utilizaci\u00f3n de las cookies en los equipos terminales de los usuarios tiene implicaciones relevantes en relaci\u00f3n con la protecci\u00f3n de datos. Y es que, mediante la utilizaci\u00f3n de cookies las entidades obtienen datos relacionados con los usuarios que posteriormente podr\u00e1n ser utilizados. Es por ello, que se determina la [&hellip;]<\/p>","protected":false},"author":1,"featured_media":0,"parent":0,"menu_order":0,"comment_status":"closed","ping_status":"open","template":"","meta":{"give_campaign_id":0,"footnotes":""},"class_list":["post-7588","page","type-page","status-publish","hentry"],"campaignId":"","_links":{"self":[{"href":"https:\/\/vallpineda.cat\/ca\/wp-json\/wp\/v2\/pages\/7588","targetHints":{"allow":["GET"]}}],"collection":[{"href":"https:\/\/vallpineda.cat\/ca\/wp-json\/wp\/v2\/pages"}],"about":[{"href":"https:\/\/vallpineda.cat\/ca\/wp-json\/wp\/v2\/types\/page"}],"author":[{"embeddable":true,"href":"https:\/\/vallpineda.cat\/ca\/wp-json\/wp\/v2\/users\/1"}],"replies":[{"embeddable":true,"href":"https:\/\/vallpineda.cat\/ca\/wp-json\/wp\/v2\/comments?post=7588"}],"version-history":[{"count":1,"href":"https:\/\/vallpineda.cat\/ca\/wp-json\/wp\/v2\/pages\/7588\/revisions"}],"predecessor-version":[{"id":7589,"href":"https:\/\/vallpineda.cat\/ca\/wp-json\/wp\/v2\/pages\/7588\/revisions\/7589"}],"wp:attachment":[{"href":"https:\/\/vallpineda.cat\/ca\/wp-json\/wp\/v2\/media?parent=7588"}],"curies":[{"name":"wp","href":"https:\/\/api.w.org\/{rel}","templated":true}]}}