{"id":730,"date":"2020-07-29T02:27:29","date_gmt":"2020-07-29T02:27:29","guid":{"rendered":"https:\/\/demo.ovatheme.com\/egovt\/?page_id=730"},"modified":"2023-09-24T18:50:01","modified_gmt":"2023-09-24T16:50:01","slug":"servicios","status":"publish","type":"page","link":"https:\/\/vallpineda.cat\/ca\/servicios\/","title":{"rendered":"Serveis"},"content":{"rendered":"<div data-elementor-type=\"wp-page\" data-elementor-id=\"730\" class=\"elementor elementor-730\">\n\t\t\t\t\t\t<section class=\"elementor-section elementor-top-section elementor-element elementor-element-3e771da elementor-section-boxed elementor-section-height-default elementor-section-height-default\" data-id=\"3e771da\" data-element_type=\"section\" data-e-type=\"section\">\n\t\t\t\t\t\t<div class=\"elementor-container elementor-column-gap-default\">\n\t\t\t\t\t<div class=\"elementor-column elementor-col-100 elementor-top-column elementor-element elementor-element-e9517f9\" data-id=\"e9517f9\" data-element_type=\"column\" data-e-type=\"column\">\n\t\t\t<div class=\"elementor-widget-wrap elementor-element-populated\">\n\t\t\t\t\t\t<div class=\"elementor-element elementor-element-00b452f elementor-widget elementor-widget-ova_heading\" data-id=\"00b452f\" data-element_type=\"widget\" data-e-type=\"widget\" data-widget_type=\"ova_heading.default\">\n\t\t\t\t<div class=\"elementor-widget-container\">\n\t\t\t\t\t\t\t<div class=\"ova-heading\">\n\t\t\t\n\t\t\t\t\t\t\t<h3 class=\"title second_font\">Servicios de Cooperativa<\/h3>\n\t\t\t\n\t\t\t\t\t\t\t<p class=\"sub-title\">Estos son los principales servicios que actualmente proporciona Cooperativa en Vallpineda gracias a la aportaci\u00f3n de los socios.<\/p>\n\t\t\t\n\t\t<\/div>\n\t\t\t\t\t\t<\/div>\n\t\t\t\t<\/div>\n\t\t\t\t<div class=\"elementor-element elementor-element-8081c10 elementor-widget elementor-widget-ova_archive_dep\" data-id=\"8081c10\" data-element_type=\"widget\" data-e-type=\"widget\" data-widget_type=\"ova_archive_dep.default\">\n\t\t\t\t<div class=\"elementor-widget-container\">\n\t\t\t\t\t\n\n<div class=\"ova_archive_dep archive_dep three_column\">\n\t<div class=\"content\">\n\t\t\n\t\t\t<div class=\"items elementor-items\">\n\t\t\t\t<div class=\"wp-item\">\n\t\t\t\t\n\t\t\t\t<div class=\"ova-media\">\n\t\t\t\t\t<a href=\"https:\/\/vallpineda.cat\/ca\/ova_dep\/agua\/\">\n\t\t\t\t\t\t<img fetchpriority=\"high\" decoding=\"async\" width=\"319\" height=\"173\" src=\"https:\/\/vallpineda.cat\/wp-content\/uploads\/2020\/07\/contadores-agua-2022-copia-2-e1692898234226.jpg\" class=\"img-responsive wp-post-image\" alt=\"\" srcset=\"https:\/\/vallpineda.cat\/wp-content\/uploads\/2020\/07\/contadores-agua-2022-copia-2-e1692898234226.jpg 319w, https:\/\/vallpineda.cat\/wp-content\/uploads\/2020\/07\/contadores-agua-2022-copia-2-e1692898234226-300x163.jpg 300w\" sizes=\"(max-width: 319px) 100vw, 319px\" \/>\t\t\t\t\t<\/a>\n\t\t\t\t<\/div>\n\t\t\t\t<div class=\"ova-content\">\n\t\t\t\t\t\t\t\t\t\t\t<div class=\"icon\">\n\t\t\t\t\t\t\t<span>\n\t\t\t\t\t\t\t\t<i class=\"flaticon-left-quote-1\"><\/i>\n\t\t\t\t\t\t\t<\/span>\n\t\t\t\t\t\t<\/div>\n\t\t\t\t\t\t\t\t\t\t\t\t\t\t\t<h2 class=\"title\">\n\t\t\t\t\t\t<a class=\"second_font\" href=\"https:\/\/vallpineda.cat\/ca\/ova_dep\/agua\/\">\n\t\t\t\t\t\t\tSubministrament d&#039;aigua\t\t\t\t\t\t<\/a>\n\t\t\t\t\t<\/h2>\n\t\t\t\t\t\t\t\t\t\t\t\t\t\t\t\t<div class=\"descption\">\n\t\t\t\t\t\t\tCooperativa suministra el agua a los vecinos de Vallpineda que antes ha comprado a Agbar.\t\t\t\t\t\t<\/div>\n\t\t\t\t\t\t\t\t\t\t\t\t\t\t\t<a class=\"second_font readmore\" href=\"https:\/\/vallpineda.cat\/ca\/ova_dep\/agua\/\" >\n\t\t\t\t\t\tRead More\t\t\t\t\t\t<i data-feather=\"arrow-right\"><\/i>\n\t\t\t\t\t<\/a>\n\t\t\t\t\t\t\t\t\t<\/div>\n\n\t\t\t\t<\/div>\n\t\t\t<\/div>\n\n\t\t\n\t\t\t<div class=\"items elementor-items\">\n\t\t\t\t<div class=\"wp-item\">\n\t\t\t\t\n\t\t\t\t<div class=\"ova-media\">\n\t\t\t\t\t<a href=\"https:\/\/vallpineda.cat\/ca\/ova_dep\/basuras\/\">\n\t\t\t\t\t\t<img decoding=\"async\" width=\"806\" height=\"440\" src=\"https:\/\/vallpineda.cat\/wp-content\/uploads\/2020\/07\/portada-Basuras-01.jpg\" class=\"img-responsive wp-post-image\" alt=\"\" srcset=\"https:\/\/vallpineda.cat\/wp-content\/uploads\/2020\/07\/portada-Basuras-01.jpg 806w, https:\/\/vallpineda.cat\/wp-content\/uploads\/2020\/07\/portada-Basuras-01-300x164.jpg 300w, https:\/\/vallpineda.cat\/wp-content\/uploads\/2020\/07\/portada-Basuras-01-768x419.jpg 768w, https:\/\/vallpineda.cat\/wp-content\/uploads\/2020\/07\/portada-Basuras-01-600x328.jpg 600w, https:\/\/vallpineda.cat\/wp-content\/uploads\/2020\/07\/portada-Basuras-01-560x306.jpg 560w\" sizes=\"(max-width: 806px) 100vw, 806px\" \/>\t\t\t\t\t<\/a>\n\t\t\t\t<\/div>\n\t\t\t\t<div class=\"ova-content\">\n\t\t\t\t\t\t\t\t\t\t\t<div class=\"icon\">\n\t\t\t\t\t\t\t<span>\n\t\t\t\t\t\t\t\t<i class=\"flaticon-bridge\"><\/i>\n\t\t\t\t\t\t\t<\/span>\n\t\t\t\t\t\t<\/div>\n\t\t\t\t\t\t\t\t\t\t\t\t\t\t\t<h2 class=\"title\">\n\t\t\t\t\t\t<a class=\"second_font\" href=\"https:\/\/vallpineda.cat\/ca\/ova_dep\/basuras\/\">\n\t\t\t\t\t\t\tRecogida de basuras\t\t\t\t\t\t<\/a>\n\t\t\t\t\t<\/h2>\n\t\t\t\t\t\t\t\t\t\t\t\t\t\t\t\t<div class=\"descption\">\n\t\t\t\t\t\t\tLa recogida de basuras es gestionada por los ayuntamientos con sus isletas de contenedores.\t\t\t\t\t\t<\/div>\n\t\t\t\t\t\t\t\t\t\t\t\t\t\t\t<a class=\"second_font readmore\" href=\"https:\/\/vallpineda.cat\/ca\/ova_dep\/basuras\/\" >\n\t\t\t\t\t\tRead More\t\t\t\t\t\t<i data-feather=\"arrow-right\"><\/i>\n\t\t\t\t\t<\/a>\n\t\t\t\t\t\t\t\t\t<\/div>\n\n\t\t\t\t<\/div>\n\t\t\t<\/div>\n\n\t\t\n\t\t\t<div class=\"items elementor-items\">\n\t\t\t\t<div class=\"wp-item\">\n\t\t\t\t\n\t\t\t\t<div class=\"ova-media\">\n\t\t\t\t\t<a href=\"https:\/\/vallpineda.cat\/ca\/ova_dep\/jardines\/\">\n\t\t\t\t\t\t<img decoding=\"async\" width=\"805\" height=\"420\" src=\"https:\/\/vallpineda.cat\/wp-content\/uploads\/2020\/07\/Jardines-Poda-Web-2023-00.jpg\" class=\"img-responsive wp-post-image\" alt=\"\" srcset=\"https:\/\/vallpineda.cat\/wp-content\/uploads\/2020\/07\/Jardines-Poda-Web-2023-00.jpg 805w, https:\/\/vallpineda.cat\/wp-content\/uploads\/2020\/07\/Jardines-Poda-Web-2023-00-300x157.jpg 300w, https:\/\/vallpineda.cat\/wp-content\/uploads\/2020\/07\/Jardines-Poda-Web-2023-00-768x401.jpg 768w, https:\/\/vallpineda.cat\/wp-content\/uploads\/2020\/07\/Jardines-Poda-Web-2023-00-600x313.jpg 600w, https:\/\/vallpineda.cat\/wp-content\/uploads\/2020\/07\/Jardines-Poda-Web-2023-00-560x292.jpg 560w\" sizes=\"(max-width: 805px) 100vw, 805px\" \/>\t\t\t\t\t<\/a>\n\t\t\t\t<\/div>\n\t\t\t\t<div class=\"ova-content\">\n\t\t\t\t\t\t\t\t\t\t\t<div class=\"icon\">\n\t\t\t\t\t\t\t<span>\n\t\t\t\t\t\t\t\t<i class=\"flaticon-tree\"><\/i>\n\t\t\t\t\t\t\t<\/span>\n\t\t\t\t\t\t<\/div>\n\t\t\t\t\t\t\t\t\t\t\t\t\t\t\t<h2 class=\"title\">\n\t\t\t\t\t\t<a class=\"second_font\" href=\"https:\/\/vallpineda.cat\/ca\/ova_dep\/jardines\/\">\n\t\t\t\t\t\t\tJardines y Bosques\t\t\t\t\t\t<\/a>\n\t\t\t\t\t<\/h2>\n\t\t\t\t\t\t\t\t\t\t\t\t\t\t\t\t<div class=\"descption\">\n\t\t\t\t\t\t\tLa poda de los \u00e1rboles y el cuidado de jardines y zonas verdes es competencia de Cooperativa.\t\t\t\t\t\t<\/div>\n\t\t\t\t\t\t\t\t\t\t\t\t\t\t\t<a class=\"second_font readmore\" href=\"https:\/\/vallpineda.cat\/ca\/ova_dep\/jardines\/\" >\n\t\t\t\t\t\tRead More\t\t\t\t\t\t<i data-feather=\"arrow-right\"><\/i>\n\t\t\t\t\t<\/a>\n\t\t\t\t\t\t\t\t\t<\/div>\n\n\t\t\t\t<\/div>\n\t\t\t<\/div>\n\n\t\t\n\t\t\t<div class=\"items elementor-items\">\n\t\t\t\t<div class=\"wp-item\">\n\t\t\t\t\n\t\t\t\t<div class=\"ova-media\">\n\t\t\t\t\t<a href=\"https:\/\/vallpineda.cat\/ca\/ova_dep\/mantenimiento\/\">\n\t\t\t\t\t\t<img loading=\"lazy\" decoding=\"async\" width=\"805\" height=\"420\" src=\"https:\/\/vallpineda.cat\/wp-content\/uploads\/2020\/07\/mantenimiento-cooperativa-2023.jpg\" class=\"img-responsive wp-post-image\" alt=\"\" srcset=\"https:\/\/vallpineda.cat\/wp-content\/uploads\/2020\/07\/mantenimiento-cooperativa-2023.jpg 805w, https:\/\/vallpineda.cat\/wp-content\/uploads\/2020\/07\/mantenimiento-cooperativa-2023-300x157.jpg 300w, https:\/\/vallpineda.cat\/wp-content\/uploads\/2020\/07\/mantenimiento-cooperativa-2023-768x401.jpg 768w, https:\/\/vallpineda.cat\/wp-content\/uploads\/2020\/07\/mantenimiento-cooperativa-2023-600x313.jpg 600w, https:\/\/vallpineda.cat\/wp-content\/uploads\/2020\/07\/mantenimiento-cooperativa-2023-560x292.jpg 560w\" sizes=\"(max-width: 805px) 100vw, 805px\" \/>\t\t\t\t\t<\/a>\n\t\t\t\t<\/div>\n\t\t\t\t<div class=\"ova-content\">\n\t\t\t\t\t\t\t\t\t\t\t<div class=\"icon\">\n\t\t\t\t\t\t\t<span>\n\t\t\t\t\t\t\t\t<i class=\"flaticon-farmer\"><\/i>\n\t\t\t\t\t\t\t<\/span>\n\t\t\t\t\t\t<\/div>\n\t\t\t\t\t\t\t\t\t\t\t\t\t\t\t<h2 class=\"title\">\n\t\t\t\t\t\t<a class=\"second_font\" href=\"https:\/\/vallpineda.cat\/ca\/ova_dep\/mantenimiento\/\">\n\t\t\t\t\t\t\tManteniment\t\t\t\t\t\t<\/a>\n\t\t\t\t\t<\/h2>\n\t\t\t\t\t\t\t\t\t\t\t\t\t\t\t\t<div class=\"descption\">\n\t\t\t\t\t\t\tCooperativa se ocupa del mantenimiento de aceras, peque\u00f1as obras en la v\u00eda, se\u00f1al\u00e9tica, luminaria, etc\u00e9tera.\t\t\t\t\t\t<\/div>\n\t\t\t\t\t\t\t\t\t\t\t\t\t\t\t<a class=\"second_font readmore\" href=\"https:\/\/vallpineda.cat\/ca\/ova_dep\/mantenimiento\/\" >\n\t\t\t\t\t\tRead More\t\t\t\t\t\t<i data-feather=\"arrow-right\"><\/i>\n\t\t\t\t\t<\/a>\n\t\t\t\t\t\t\t\t\t<\/div>\n\n\t\t\t\t<\/div>\n\t\t\t<\/div>\n\n\t\t\n\t\t\t<div class=\"items elementor-items\">\n\t\t\t\t<div class=\"wp-item\">\n\t\t\t\t\n\t\t\t\t<div class=\"ova-media\">\n\t\t\t\t\t<a href=\"https:\/\/vallpineda.cat\/ca\/ova_dep\/clubdeportivo\/\">\n\t\t\t\t\t\t<img loading=\"lazy\" decoding=\"async\" width=\"806\" height=\"421\" src=\"https:\/\/vallpineda.cat\/wp-content\/uploads\/2020\/07\/piscina-grande-recurso-20223-0111-copia.jpg\" class=\"img-responsive wp-post-image\" alt=\"\" srcset=\"https:\/\/vallpineda.cat\/wp-content\/uploads\/2020\/07\/piscina-grande-recurso-20223-0111-copia.jpg 806w, https:\/\/vallpineda.cat\/wp-content\/uploads\/2020\/07\/piscina-grande-recurso-20223-0111-copia-300x157.jpg 300w, https:\/\/vallpineda.cat\/wp-content\/uploads\/2020\/07\/piscina-grande-recurso-20223-0111-copia-768x401.jpg 768w, https:\/\/vallpineda.cat\/wp-content\/uploads\/2020\/07\/piscina-grande-recurso-20223-0111-copia-600x313.jpg 600w, https:\/\/vallpineda.cat\/wp-content\/uploads\/2020\/07\/piscina-grande-recurso-20223-0111-copia-560x293.jpg 560w\" sizes=\"(max-width: 806px) 100vw, 806px\" \/>\t\t\t\t\t<\/a>\n\t\t\t\t<\/div>\n\t\t\t\t<div class=\"ova-content\">\n\t\t\t\t\t\t\t\t\t\t\t<div class=\"icon\">\n\t\t\t\t\t\t\t<span>\n\t\t\t\t\t\t\t\t<i class=\"flaticon-heart\"><\/i>\n\t\t\t\t\t\t\t<\/span>\n\t\t\t\t\t\t<\/div>\n\t\t\t\t\t\t\t\t\t\t\t\t\t\t\t<h2 class=\"title\">\n\t\t\t\t\t\t<a class=\"second_font\" href=\"https:\/\/vallpineda.cat\/ca\/ova_dep\/clubdeportivo\/\">\n\t\t\t\t\t\t\tClub Esportiu\t\t\t\t\t\t<\/a>\n\t\t\t\t\t<\/h2>\n\t\t\t\t\t\t\t\t\t\t\t\t\t\t\t\t<div class=\"descption\">\n\t\t\t\t\t\t\tSocios y familiares de Cooperativa tienen derecho al uso gratuito de la piscina y descuentos en las pistas.\t\t\t\t\t\t<\/div>\n\t\t\t\t\t\t\t\t\t\t\t\t\t\t\t<a class=\"second_font readmore\" href=\"https:\/\/vallpineda.cat\/ca\/ova_dep\/clubdeportivo\/\" >\n\t\t\t\t\t\tRead More\t\t\t\t\t\t<i data-feather=\"arrow-right\"><\/i>\n\t\t\t\t\t<\/a>\n\t\t\t\t\t\t\t\t\t<\/div>\n\n\t\t\t\t<\/div>\n\t\t\t<\/div>\n\n\t\t\n\t\t\t<div class=\"items elementor-items\">\n\t\t\t\t<div class=\"wp-item\">\n\t\t\t\t\n\t\t\t\t<div class=\"ova-media\">\n\t\t\t\t\t<a href=\"https:\/\/vallpineda.cat\/ca\/ova_dep\/seguridad\/\">\n\t\t\t\t\t\t<img loading=\"lazy\" decoding=\"async\" width=\"805\" height=\"420\" src=\"https:\/\/vallpineda.cat\/wp-content\/uploads\/2020\/07\/006-servicios-portadilla-Seguridad.jpg\" class=\"img-responsive wp-post-image\" alt=\"\" srcset=\"https:\/\/vallpineda.cat\/wp-content\/uploads\/2020\/07\/006-servicios-portadilla-Seguridad.jpg 805w, https:\/\/vallpineda.cat\/wp-content\/uploads\/2020\/07\/006-servicios-portadilla-Seguridad-300x157.jpg 300w, https:\/\/vallpineda.cat\/wp-content\/uploads\/2020\/07\/006-servicios-portadilla-Seguridad-768x401.jpg 768w, https:\/\/vallpineda.cat\/wp-content\/uploads\/2020\/07\/006-servicios-portadilla-Seguridad-600x313.jpg 600w, https:\/\/vallpineda.cat\/wp-content\/uploads\/2020\/07\/006-servicios-portadilla-Seguridad-560x292.jpg 560w\" sizes=\"(max-width: 805px) 100vw, 805px\" \/>\t\t\t\t\t<\/a>\n\t\t\t\t<\/div>\n\t\t\t\t<div class=\"ova-content\">\n\t\t\t\t\t\t\t\t\t\t\t<div class=\"icon\">\n\t\t\t\t\t\t\t<span>\n\t\t\t\t\t\t\t\t<i class=\"flaticon-police-car-1\"><\/i>\n\t\t\t\t\t\t\t<\/span>\n\t\t\t\t\t\t<\/div>\n\t\t\t\t\t\t\t\t\t\t\t\t\t\t\t<h2 class=\"title\">\n\t\t\t\t\t\t<a class=\"second_font\" href=\"https:\/\/vallpineda.cat\/ca\/ova_dep\/seguridad\/\">\n\t\t\t\t\t\t\tSeguridad Privada\t\t\t\t\t\t<\/a>\n\t\t\t\t\t<\/h2>\n\t\t\t\t\t\t\t\t\t\t\t\t\t\t\t\t<div class=\"descption\">\n\t\t\t\t\t\t\tVallpineda cuenta con servicio de Vigilancia Privada nocturno con horario de 18h a 6h, todos los d\u00edas del a\u00f1o.\t\t\t\t\t\t<\/div>\n\t\t\t\t\t\t\t\t\t\t\t\t\t\t\t<a class=\"second_font readmore\" href=\"https:\/\/vallpineda.cat\/ca\/ova_dep\/seguridad\/\" >\n\t\t\t\t\t\tRead More\t\t\t\t\t\t<i data-feather=\"arrow-right\"><\/i>\n\t\t\t\t\t<\/a>\n\t\t\t\t\t\t\t\t\t<\/div>\n\n\t\t\t\t<\/div>\n\t\t\t<\/div>\n\n\t\t\t<\/div>\n\n\n\n<\/div>\n\n\n\t\t\t\t<\/div>\n\t\t\t\t<\/div>\n\t\t\t\t\t<\/div>\n\t\t<\/div>\n\t\t\t\t\t<\/div>\n\t\t<\/section>\n\t\t\t\t<\/div>","protected":false},"excerpt":{"rendered":"<p>Servicios de Cooperativa Estos son los principales servicios que actualmente proporciona Cooperativa en Vallpineda gracias a la aportaci\u00f3n de los socios. Suministro de Agua Cooperativa suministra el agua a los vecinos de Vallpineda que antes ha comprado a Agbar. Read More Recogida de basuras Contamos con un sistema propio de recogida de basuras \u00abpuerta a [&hellip;]<\/p>","protected":false},"author":1,"featured_media":623,"parent":0,"menu_order":0,"comment_status":"closed","ping_status":"closed","template":"elementor_header_footer","meta":{"give_campaign_id":0,"footnotes":""},"class_list":["post-730","page","type-page","status-publish","has-post-thumbnail","hentry"],"campaignId":"","_links":{"self":[{"href":"https:\/\/vallpineda.cat\/ca\/wp-json\/wp\/v2\/pages\/730","targetHints":{"allow":["GET"]}}],"collection":[{"href":"https:\/\/vallpineda.cat\/ca\/wp-json\/wp\/v2\/pages"}],"about":[{"href":"https:\/\/vallpineda.cat\/ca\/wp-json\/wp\/v2\/types\/page"}],"author":[{"embeddable":true,"href":"https:\/\/vallpineda.cat\/ca\/wp-json\/wp\/v2\/users\/1"}],"replies":[{"embeddable":true,"href":"https:\/\/vallpineda.cat\/ca\/wp-json\/wp\/v2\/comments?post=730"}],"version-history":[{"count":9,"href":"https:\/\/vallpineda.cat\/ca\/wp-json\/wp\/v2\/pages\/730\/revisions"}],"predecessor-version":[{"id":9801,"href":"https:\/\/vallpineda.cat\/ca\/wp-json\/wp\/v2\/pages\/730\/revisions\/9801"}],"wp:featuredmedia":[{"embeddable":true,"href":"https:\/\/vallpineda.cat\/ca\/wp-json\/wp\/v2\/media\/623"}],"wp:attachment":[{"href":"https:\/\/vallpineda.cat\/ca\/wp-json\/wp\/v2\/media?parent=730"}],"curies":[{"name":"wp","href":"https:\/\/api.w.org\/{rel}","templated":true}]}}