{"id":3,"date":"2023-07-16T11:29:41","date_gmt":"2023-07-16T11:29:41","guid":{"rendered":"https:\/\/vallpineda.cat\/?page_id=3"},"modified":"2023-09-17T21:08:56","modified_gmt":"2023-09-17T19:08:56","slug":"avisolegal","status":"publish","type":"page","link":"https:\/\/vallpineda.cat\/ca\/avisolegal\/","title":{"rendered":"Av\u00eds legal"},"content":{"rendered":"<h2 class=\"wp-block-heading\">Introducci\u00f3<\/h2>\n\n\n\n<p>En compliment de la Llei 34\/2002, de 11 de juliol, de Serveis de la Societat de la Informaci\u00f3 i de Comer\u00e7 Electr\u00f2nic (LSSI-CE), COOP DE CONSUMS I SERVEIS DE VALLPINEDA informa que \u00e9s titular del lloc web. D&#039;acord amb l&#039;exig\u00e8ncia de l&#039;article 10 de la Llei esmentada, COOP DE CONSUMS I SERVEIS DE VALLPINEDA informa de les dades seg\u00fcents:<\/p>\n\n\n\n<p>RA\u00d3 SOCIAL: Cooperativa de Consums i Serveis de Vallpineda<br>NIF: F08299570<br>DOMINI: www.vallpineda.cat<br>ADRE\u00c7A: Avinguda Sant\u00edssiuma Trinitat, 28. 08810 Sant Pere de Ribes (Barcelona, Espanya)<br>CORREU ELECTR\u00d2NIC: info@vallpineda.cat<br>TEL\u00c8FON: 938942749<br>REGISTRE: Tom \/ Foli \/ Full \/ Inscripci\u00f3<\/p>\n\n\n\n<p><\/p>\n\n\n\n<h2 class=\"wp-block-heading\">Usuari i r\u00e8gim de responsabilitats<\/h2>\n\n\n\n<p>La navegaci\u00f3, acc\u00e9s i \u00fas pel lloc web de COOP DE CONSUMS I SERVICIS DE VALLPINEDA confereix la condici\u00f3 d&#039;usuari. El lloc web de COOP DE CONSUMS I SERVEIS DE VALLPINEDA proporciona una gran diversitat d&#039;informaci\u00f3, serveis i dades. L&#039;usuari assumeix la responsabilitat en l&#039;\u00fas correcte del lloc web. Aquesta responsabilitat s&#039;estendr\u00e0 a:<\/p>\n\n\n\n<ul class=\"wp-block-list\">\n<li>La veracitat i licitud de les informacions aportades per l&#039;usuari als formularis estesos per COOP DE CONSUMS I SERVEIS DE VALLPINEDA per a l&#039;acc\u00e9s a certs continguts o serveis oferts pel web.<\/li>\n\n\n\n<li>L&#039;\u00fas de la informaci\u00f3, serveis i dades ofertes per COOP DE CONSUMS I SERVEIS DE VALLPINEDA contr\u00e0riament al que disposen aquestes condicions, la Llei, la moral, els bons costums o l&#039;ordre p\u00fablic, o que de qualsevol altra manera puguin suposar lesi\u00f3 dels drets de tercers o del mateix funcionament del lloc web.<\/li>\n<\/ul>\n\n\n\n<h2 class=\"wp-block-heading\">Pol\u00edtica d&#039;enlla\u00e7os i exempcions de responsabilitat<\/h2>\n\n\n\n<p>COOP DE CONSUMS I SERVEIS DE VALLPINEDA no es fa responsable del contingut dels llocs web als quals l&#039;usuari pugui accedir a trav\u00e9s dels enlla\u00e7os establerts al seu lloc web, sempre que no tingui coneixement efectiu que l&#039;activitat o la informaci\u00f3 a qu\u00e8 remet o recomana \u00e9s il\u00b7l\u00edcita o que lesiona b\u00e9ns o drets d&#039;un tercer susceptibles d&#039;indemnitzaci\u00f3, o, inutilitzar lenlla\u00e7 corresponent.<\/p>\n\n\n\n<p>S&#039;entendr\u00e0 que COOP DE CONSUMS I SERVEIS DE VALLPINEDA t\u00e9 el coneixement efectiu a qu\u00e8 es refereix el par\u00e0graf anterior quan un \u00f2rgan competent hagi declarat la il\u00b7licitud de les dades, ordenat la seva retirada o que se n&#039;impossibiliti l&#039;acc\u00e9s, o s&#039;hagu\u00e9s declarat l&#039;exist\u00e8ncia de la lesi\u00f3, i COOP DE CONSUMS I SERVEIS DE VALLPINEDA conegu\u00e9s la COOP DE CONSUMS I SERVEIS DE VALLPINEDA apliqui en virtut d&#039;acords voluntaris i d&#039;altres mitjans de coneixement efectiu que es puguin establir.<\/p>\n\n\n\n<p>COOP DE CONSUMS I SERVEIS DE VALLPINEDA declara haver adoptat totes les mesures necess\u00e0ries per evitar qualsevol dany als usuaris del vostre lloc web, que poguessin derivar-se de la navegaci\u00f3 pel seu lloc web. En conseq\u00fc\u00e8ncia, COOP DE CONSUMS I SERVEIS DE VALLPINEDA no es fa responsable, en cap cas, dels danys eventuals que per la navegaci\u00f3 per Internet pogu\u00e9s patir l&#039;usuari. Aix\u00ed mateix, tampoc garantir\u00e0 la disponibilitat t\u00e8cnica, exactitud, veracitat, validesa o legalitat de llocs aliens a la seva propietat a qu\u00e8 es pugui accedir per mitj\u00e0 dels enlla\u00e7os.<\/p>\n\n\n\n<h2 class=\"wp-block-heading\">Modificacions<\/h2>\n\n\n\n<p>COOP DE CONSUMS I SERVEIS DE VALLPINEDA es reserva el dret a realitzar les modificacions que consideri oportunes, sense previ av\u00eds, en el contingut del seu lloc web. Tant pel que fa als continguts del lloc web, com a les condicions d&#039;\u00fas del mateix, oa les condicions generals de contractaci\u00f3. Els canvis a qu\u00e8 fa refer\u00e8ncia aquest apartat no afectaran les contractacions realitzades amb data anterior a la data de publicaci\u00f3 dels mateixos. Aquestes modificacions podran realitzar-se a trav\u00e9s del seu lloc web per qualsevol forma admissible en dret i seran de compliment obligat durant el temps en qu\u00e8 es trobin publicades al web i fins que no siguin modificades v\u00e0lidament per altres de posteriors.<\/p>\n\n\n\n<h2 class=\"wp-block-heading\">Indicaci\u00f3 de preus<\/h2>\n\n\n\n<p>En cas que es mostrin preus de productes i\/o serveis, els indicats a la pantalla seran els vigents en cada moment. Els preus seran indicats en euros i tindran incorporat l&#039;impost sobre el valor afegit (IVA). En cas que l&#039;IVA no s&#039;incorpori al preu, s&#039;indicar\u00e0 de manera expressa i es permetr\u00e0 a l&#039;usuari visualitzar el preu final complet.<\/p>\n\n\n\n<p>Aix\u00ed mateix, si fos aplicable qualsevol altre impost, aix\u00ed s&#039;indicaria, incloent-hi, si escau, l&#039;import dels increments o descomptes que siguin aplicables a l&#039;oferta i les despeses addicionals que puguin repercutir al consumidor o usuari.<\/p>\n\n\n\n<p>COOP DE CONSUMS I SERVEIS DE VALLPINEDA per si mateixa o com a cession\u00e0ria, \u00e9s titular de tots els drets de propietat intel\u00b7lectual i industrial de la seva p\u00e0gina web, aix\u00ed com dels elements continguts en la mateixa (a t\u00edtol enunciatiu, imatges, so, \u00e0udio, v\u00eddeo, programari o textos; marques o logotips, combinacions de colors, estructura i disseny, selecci\u00f3 de materials usats, programes de selecci\u00f3, materials de selecci\u00f3, materials de selecci\u00f3, materials de selecci\u00f3, materials de materials, usats, programes, etc.). COOP DE CONSUMS I SERVEIS DE VALLPINEDA. Seran, per tant, obres protegides com a propietat intel\u00b7lectual per l&#039;ordenament jur\u00eddic espanyol, i els seran aplicables tant la normativa espanyola i comunit\u00e0ria en aquest camp, com els tractats internacionals relatius a la mat\u00e8ria i subscrits per Espanya.<\/p>\n\n\n\n<p>Tots els drets reservats. En virtut del que disposa la Llei de propietat intel\u00b7lectual, queden expressament prohibides la reproducci\u00f3, la distribuci\u00f3 i la comunicaci\u00f3 p\u00fablica, inclosa la seva modalitat de posada a disposici\u00f3, de la totalitat o part dels continguts d&#039;aquesta p\u00e0gina web, amb fins comercials, en qualsevol suport i per qualsevol mitj\u00e0 t\u00e8cnic, sense l&#039;autoritzaci\u00f3 de COOP DE CONSUMS I SERVEIS DE VALLPINEDA.<\/p>\n\n\n\n<p>L&#039;usuari es compromet a respectar els drets de propietat intel\u00b7lectual i industrial titularitat de COOP DE CONSUMS I SERVEIS DE VALLPINEDA. Podreu visualitzar els elements del portal i fins i tot imprimir-los, copiar-los i emmagatzemar-los al disc dur del vostre ordinador o en qualsevol altre suport f\u00edsic sempre que sigui, \u00fanica i exclusivament, per al seu \u00fas personal i privat. L&#039;usuari haur\u00e0 d&#039;abstenir-se de suprimir, alterar, eludir o manipular qualsevol dispositiu de protecci\u00f3 o sistema de seguretat que estigu\u00e9s instal\u00b7lat a les p\u00e0gines de COOP DE CONSUMS I SERVEIS DE VALLPINEDA.<\/p>\n\n\n\n<h2 class=\"wp-block-heading\">Certificat SSL (secure sockets layer)<\/h2>\n\n\n\n<p>El CERTIFICAT SSL proporciona autenticaci\u00f3, privadesa i seguretat de la informaci\u00f3 entre COOP DE CONSUMS I SERVEIS DE VALLPINEDA i l&#039;usuari.<\/p>\n\n\n\n<p>COOP DE CONSUMS I SERVEIS DE VALLPINEDA disposa d&#039;un certificat de seguretat que utilitza CERTIFICAT SSL per realitzar connexions segures.<\/p>\n\n\n\n<p>En aquest proc\u00e9s s&#039;estableixen diversos par\u00e0metres per realitzar la connexi\u00f3 de manera segura i s&#039;estableix usant claus preestablertes, codificant i descodificant totes les dades enviades fins que la connexi\u00f3 sigui tancada.<\/p>\n\n\n\n<h2 class=\"wp-block-heading\">Accions legals, legislaci\u00f3 aplicable i jurisdicci\u00f3<\/h2>\n\n\n\n<p>Si l&#039;usuari vol presentar una reclamaci\u00f3, haur\u00e0 de contactar amb el correu electr\u00f2nic INFO@VALLPINEDA.CAT. Aix\u00ed mateix, COOP DE CONSUMS I SERVEIS DE VALLPINEDA disposa de fulls oficials de reclamaci\u00f3 a disposici\u00f3 dels consumidors i usuaris.<\/p>\n\n\n\n<p>COOP DE CONSUMS I SERVEIS DE VALLPINEDA es reserva la facultat de presentar les accions civils o penals que consideri oportunes per la utilitzaci\u00f3 indeguda del lloc web i continguts, o per l&#039;incompliment de les presents condicions.<\/p>\n\n\n\n<p>La relaci\u00f3 entre l&#039;usuari i el prestador es regir\u00e0 per la normativa vigent i aplicable al territori espanyol. Si sorgeix qualsevol controv\u00e8rsia, les parts poden sotmetre els seus conflictes a arbitratge o acudir a la jurisdicci\u00f3 ordin\u00e0ria complint amb les normes sobre jurisdicci\u00f3 i compet\u00e8ncia sobre aix\u00f2. COOP DE CONSUMS I SERVEIS DE VALLPINEDA t\u00e9 el domicili a BARCELONA, Espanya.<\/p>\n\n\n\n<p>Els contractes subscrits per via electr\u00f2nica en qu\u00e8 intervingui com a part un consumidor, es presumiran subscrits al lloc on aquest tingui la seva resid\u00e8ncia habitual.<\/p>\n\n\n\n<p>Els contractes electr\u00f2nics entre empresaris o professionals, en defecte de pacte entre les parts, es presumiran subscrits al lloc on estigui establert el prestador de serveis.<\/p>\n\n\n\n<p>Resoluci\u00f3 de litigis en l\u00ednia conforme a l&#039;Art. 14.1 del Reglament (UE) 524\/2013: La Comissi\u00f3 Europea facilita una plataforma de resoluci\u00f3 de litigis en l\u00ednia, la qual es troba disponible a l&#039;enlla\u00e7 seg\u00fcent: https:\/\/ec.europa.eu\/consumers\/odr\/<\/p>\n\n\n\n<p><em>\u00daLTIMA ACTUALITZACI\u00d3: 24 de maig de 2023<\/em><\/p>\n\n\n\n<h2 class=\"wp-block-heading\"><\/h2>\n\n\n\n<p><\/p>\n\n\n\n<h2 class=\"wp-block-heading\"><\/h2>\n\n\n\n<p><\/p>","protected":false},"excerpt":{"rendered":"<p>Introducci\u00f3n En cumplimiento de la Ley 34\/2002, de 11 de julio, de Servicios de la Sociedad de la Informaci\u00f3n y de Comercio Electr\u00f3nico (LSSI-CE), COOP DE CONSUMOS Y SERVICIOS DE VALLPINEDA informa que es titular del sitio web. De acuerdo con la exigencia del art\u00edculo 10 de la citada Ley, COOP DE CONSUMOS Y SERVICIOS [&hellip;]<\/p>","protected":false},"author":1,"featured_media":0,"parent":0,"menu_order":0,"comment_status":"closed","ping_status":"open","template":"","meta":{"give_campaign_id":0,"footnotes":""},"class_list":["post-3","page","type-page","status-publish","hentry"],"campaignId":"","_links":{"self":[{"href":"https:\/\/vallpineda.cat\/ca\/wp-json\/wp\/v2\/pages\/3","targetHints":{"allow":["GET"]}}],"collection":[{"href":"https:\/\/vallpineda.cat\/ca\/wp-json\/wp\/v2\/pages"}],"about":[{"href":"https:\/\/vallpineda.cat\/ca\/wp-json\/wp\/v2\/types\/page"}],"author":[{"embeddable":true,"href":"https:\/\/vallpineda.cat\/ca\/wp-json\/wp\/v2\/users\/1"}],"replies":[{"embeddable":true,"href":"https:\/\/vallpineda.cat\/ca\/wp-json\/wp\/v2\/comments?post=3"}],"version-history":[{"count":2,"href":"https:\/\/vallpineda.cat\/ca\/wp-json\/wp\/v2\/pages\/3\/revisions"}],"predecessor-version":[{"id":6720,"href":"https:\/\/vallpineda.cat\/ca\/wp-json\/wp\/v2\/pages\/3\/revisions\/6720"}],"wp:attachment":[{"href":"https:\/\/vallpineda.cat\/ca\/wp-json\/wp\/v2\/media?parent=3"}],"curies":[{"name":"wp","href":"https:\/\/api.w.org\/{rel}","templated":true}]}}