{"id":2,"date":"2023-07-16T11:29:41","date_gmt":"2023-07-16T11:29:41","guid":{"rendered":"https:\/\/vallpineda.cat\/?page_id=2"},"modified":"2023-10-16T19:02:49","modified_gmt":"2023-10-16T17:02:49","slug":"estatutos","status":"publish","type":"page","link":"https:\/\/vallpineda.cat\/ca\/estatutos\/","title":{"rendered":"Estatutos de Cooperativa"},"content":{"rendered":"<div data-elementor-type=\"wp-page\" data-elementor-id=\"2\" class=\"elementor elementor-2\">\n\t\t\t\t\t\t<section class=\"elementor-section elementor-top-section elementor-element elementor-element-2607de7 elementor-section-boxed elementor-section-height-default elementor-section-height-default\" data-id=\"2607de7\" data-element_type=\"section\" data-e-type=\"section\">\n\t\t\t\t\t\t<div class=\"elementor-container elementor-column-gap-default\">\n\t\t\t\t\t<div class=\"elementor-column elementor-col-100 elementor-top-column elementor-element elementor-element-b74cd70\" data-id=\"b74cd70\" data-element_type=\"column\" data-e-type=\"column\">\n\t\t\t<div class=\"elementor-widget-wrap elementor-element-populated\">\n\t\t\t\t\t\t<div class=\"elementor-element elementor-element-2c45697e elementor-widget elementor-widget-text-editor\" data-id=\"2c45697e\" data-element_type=\"widget\" data-e-type=\"widget\" data-widget_type=\"text-editor.default\">\n\t\t\t\t<div class=\"elementor-widget-container\">\n\t\t\t\t\t\t\t\t\t<p><span style=\"color: #0050b6;\">Desde su fundaci\u00f3n como empresa cooperativa de servicios en 1970, <strong>Cooperativa <\/strong><b>Vallpineda<\/b> cuenta con unos <strong>Estatuts<\/strong> propios, aprobados en <strong>Assemblea<\/strong> por los socios y que configuran el marco normativo de esta sociedad que proporciona una serie de servicios a los vecinos\/socios de la urbanizaci\u00f3n. Se trata de un <strong>documento<\/strong> <strong>esencial<\/strong> para entender cu\u00e1les son las <strong>funciones<\/strong>, deberes y derechos tanto de los socios como de la propia empresa. Ah\u00ed se establece, entre otros importantes asuntos, qui\u00e9n es socio de Cooperativa, c\u00f3mo funciona la Asamblea, qu\u00e9 poder tiene y cu\u00e1les son las competencias y limitaciones del gobierno del <strong>Consejo<\/strong> <strong>Rector. <\/strong>El texto tambi\u00e9n recoge el <b>r\u00e9gimen de sanciones<\/b> a\u00a0los socios que no cumplan con el pago de cuotas y suministros o sean inc\u00edvicos con el resto de vecinos. Tanto los Estatutos de Cooperativa como las decisiones de la Asamblea est\u00e1n supeditadas al\u00a0<b>marco legal vigente.<\/b><\/span><\/p><p><span style=\"color: #0050b6;\">La \u00faltima reforma de los <strong>Estatutos de Cooperativa<\/strong> fue aprobada por la Asamblea de socios en <strong>2015<\/strong>. Entre otros aspectos, se incluy\u00f3 la <strong>imposibilidad de que los miembros del Consejo Rector puedan estar en el cargo m\u00e1s de dos mandatos<\/strong> (8 a\u00f1os en total). Recomendamos encarecidamente que todos los socios lean y tengan presente qu\u00e9 dicen los Estatutos.<\/span><\/p><h4><span style=\"color: #3366ff;\"><a style=\"color: #3366ff;\" title=\"Estatutos Cooperativa Vallpineda 2015\" href=\"https:\/\/vallpineda.cat\/wp-content\/uploads\/2020\/07\/Estatutos-Cooperativa-Vallpineda-2015.pdf\" target=\"_blank\" rel=\"noopener\"><span style=\"text-decoration: underline;\">CONSULTE AQU\u00cd LOS ESTATUTOS DE COOPERATIVA VALLPINEDA<\/span><\/a><\/span><\/h4>\t\t\t\t\t\t\t\t<\/div>\n\t\t\t\t<\/div>\n\t\t\t\t<div class=\"elementor-element elementor-element-dd36fdd elementor-widget elementor-widget-image\" data-id=\"dd36fdd\" data-element_type=\"widget\" data-e-type=\"widget\" data-widget_type=\"image.default\">\n\t\t\t\t<div class=\"elementor-widget-container\">\n\t\t\t\t\t\t\t\t\t\t\t\t<figure class=\"wp-caption\">\n\t\t\t\t\t\t\t\t\t\t<img fetchpriority=\"high\" decoding=\"async\" width=\"2560\" height=\"1488\" src=\"https:\/\/vallpineda.cat\/wp-content\/uploads\/2023\/10\/asamblea-junio-2023-foto-grande-scaled.jpg\" class=\"attachment-full size-full wp-image-8448\" alt=\"\" srcset=\"https:\/\/vallpineda.cat\/wp-content\/uploads\/2023\/10\/asamblea-junio-2023-foto-grande-scaled.jpg 2560w, https:\/\/vallpineda.cat\/wp-content\/uploads\/2023\/10\/asamblea-junio-2023-foto-grande-300x174.jpg 300w, https:\/\/vallpineda.cat\/wp-content\/uploads\/2023\/10\/asamblea-junio-2023-foto-grande-1024x595.jpg 1024w, https:\/\/vallpineda.cat\/wp-content\/uploads\/2023\/10\/asamblea-junio-2023-foto-grande-768x447.jpg 768w, https:\/\/vallpineda.cat\/wp-content\/uploads\/2023\/10\/asamblea-junio-2023-foto-grande-1536x893.jpg 1536w, https:\/\/vallpineda.cat\/wp-content\/uploads\/2023\/10\/asamblea-junio-2023-foto-grande-2048x1191.jpg 2048w, https:\/\/vallpineda.cat\/wp-content\/uploads\/2023\/10\/asamblea-junio-2023-foto-grande-600x349.jpg 600w, https:\/\/vallpineda.cat\/wp-content\/uploads\/2023\/10\/asamblea-junio-2023-foto-grande-560x326.jpg 560w\" sizes=\"(max-width: 2560px) 100vw, 2560px\" \/>\t\t\t\t\t\t\t\t\t\t\t<figcaption class=\"widget-image-caption wp-caption-text\">Asamblea de socios de Cooperativa Vallpineda celebrada en junio de 2023<\/figcaption>\n\t\t\t\t\t\t\t\t\t\t<\/figure>\n\t\t\t\t\t\t\t\t\t<\/div>\n\t\t\t\t<\/div>\n\t\t\t\t\t<\/div>\n\t\t<\/div>\n\t\t\t\t\t<\/div>\n\t\t<\/section>\n\t\t\t\t<\/div>","protected":false},"excerpt":{"rendered":"<p>Desde su fundaci\u00f3n como empresa cooperativa de servicios en 1970, Cooperativa Vallpineda cuenta con unos Estatutos propios, aprobados en Asamblea por los socios y que configuran el marco normativo de esta sociedad que proporciona una serie de servicios a los vecinos\/socios de la urbanizaci\u00f3n. Se trata de un documento esencial para entender cu\u00e1les son las [&hellip;]<\/p>","protected":false},"author":1,"featured_media":0,"parent":0,"menu_order":0,"comment_status":"closed","ping_status":"open","template":"","meta":{"give_campaign_id":0,"footnotes":""},"class_list":["post-2","page","type-page","status-publish","hentry"],"campaignId":"","_links":{"self":[{"href":"https:\/\/vallpineda.cat\/ca\/wp-json\/wp\/v2\/pages\/2","targetHints":{"allow":["GET"]}}],"collection":[{"href":"https:\/\/vallpineda.cat\/ca\/wp-json\/wp\/v2\/pages"}],"about":[{"href":"https:\/\/vallpineda.cat\/ca\/wp-json\/wp\/v2\/types\/page"}],"author":[{"embeddable":true,"href":"https:\/\/vallpineda.cat\/ca\/wp-json\/wp\/v2\/users\/1"}],"replies":[{"embeddable":true,"href":"https:\/\/vallpineda.cat\/ca\/wp-json\/wp\/v2\/comments?post=2"}],"version-history":[{"count":42,"href":"https:\/\/vallpineda.cat\/ca\/wp-json\/wp\/v2\/pages\/2\/revisions"}],"predecessor-version":[{"id":8451,"href":"https:\/\/vallpineda.cat\/ca\/wp-json\/wp\/v2\/pages\/2\/revisions\/8451"}],"wp:attachment":[{"href":"https:\/\/vallpineda.cat\/ca\/wp-json\/wp\/v2\/media?parent=2"}],"curies":[{"name":"wp","href":"https:\/\/api.w.org\/{rel}","templated":true}]}}