{"id":1228,"date":"2020-08-19T04:24:29","date_gmt":"2020-08-19T04:24:29","guid":{"rendered":"https:\/\/demo.ovatheme.com\/egovt\/?page_id=1228"},"modified":"2026-03-30T10:43:10","modified_gmt":"2026-03-30T08:43:10","slug":"contacto","status":"publish","type":"page","link":"https:\/\/vallpineda.cat\/ca\/contacto\/","title":{"rendered":"Contacte"},"content":{"rendered":"<div data-elementor-type=\"wp-page\" data-elementor-id=\"1228\" class=\"elementor elementor-1228\">\n\t\t\t\t\t\t<section class=\"elementor-section elementor-top-section elementor-element elementor-element-eed6418 elementor-section-boxed elementor-section-height-default elementor-section-height-default\" data-id=\"eed6418\" data-element_type=\"section\" data-e-type=\"section\">\n\t\t\t\t\t\t<div class=\"elementor-container elementor-column-gap-default\">\n\t\t\t\t\t<div class=\"elementor-column elementor-col-50 elementor-top-column elementor-element elementor-element-8b325df\" data-id=\"8b325df\" data-element_type=\"column\" data-e-type=\"column\">\n\t\t\t<div class=\"elementor-widget-wrap elementor-element-populated\">\n\t\t\t\t\t\t<div class=\"elementor-element elementor-element-c39f360 elementor-widget elementor-widget-ova_heading\" data-id=\"c39f360\" data-element_type=\"widget\" data-e-type=\"widget\" data-widget_type=\"ova_heading.default\">\n\t\t\t\t<div class=\"elementor-widget-container\">\n\t\t\t\t\t\t\t<div class=\"ova-heading\">\n\t\t\t\n\t\t\t\t\t\t\t<h3 class=\"title second_font\">Contacta con nosotros:<\/h3>\n\t\t\t\n\t\t\t\t\t\t\t<p class=\"sub-title\">Haznos llegar tus preocupaciones y sugerencias para mejorar la urbanizaci\u00f3n de Vallpineda. Env\u00edanos un correo electr\u00f3nico para recibir el bolet\u00edn informativo online con informaci\u00f3n importante para los socios.<\/p>\n\t\t\t\n\t\t<\/div>\n\t\t\t\t\t\t<\/div>\n\t\t\t\t<\/div>\n\t\t\t\t<div class=\"elementor-element elementor-element-8246104 elementor-widget elementor-widget-heading\" data-id=\"8246104\" data-element_type=\"widget\" data-e-type=\"widget\" data-widget_type=\"heading.default\">\n\t\t\t\t<div class=\"elementor-widget-container\">\n\t\t\t\t\t<h3 class=\"elementor-heading-title elementor-size-default\">Cooperativa Vallpineda<\/h3>\t\t\t\t<\/div>\n\t\t\t\t<\/div>\n\t\t\t\t<div class=\"elementor-element elementor-element-b32005b elementor-widget elementor-widget-ova_contact_info\" data-id=\"b32005b\" data-element_type=\"widget\" data-e-type=\"widget\" data-widget_type=\"ova_contact_info.default\">\n\t\t\t\t<div class=\"elementor-widget-container\">\n\t\t\t\t\t\t\t<div class=\"ova-contact-info type3\">\n\n\t\t\t<div class=\"icon\">\n\t\t\t\t<i class=\"fas fa-map-marker-alt\"><\/i>\t\t\t<\/div>\n\n\t\t\t\t\t\t\t<div class=\"address\">\n\t\t\t\t\t\t\t\t\t\t\t\t\t\t\t\t<label >Direcci\u00f3n:<\/label>\n\t\t\t\t\t\t\t\t\t\t<span class=\"text_link\">Avda. Sant\u00edsima Trinidad, 28 08810 Sant Pere de Ribes (Barcelona, Espa\u00f1a) <\/span>\n\t\t\t\t<\/div>\n\t\t\t\t\t\t\n\t\t<\/div>\n\t\t\t\t\t\t<\/div>\n\t\t\t\t<\/div>\n\t\t\t\t<div class=\"elementor-element elementor-element-3ca902b elementor-widget elementor-widget-ova_contact_info\" data-id=\"3ca902b\" data-element_type=\"widget\" data-e-type=\"widget\" data-widget_type=\"ova_contact_info.default\">\n\t\t\t\t<div class=\"elementor-widget-container\">\n\t\t\t\t\t\t\t<div class=\"ova-contact-info type3\">\n\n\t\t\t<div class=\"icon\">\n\t\t\t\t<i class=\"fas fa-phone-alt\"><\/i>\t\t\t<\/div>\n\n\t\t\t\t\t\t\t<div class=\"address\">\n\t\t\t\t\t\t\t\t\t\t\t\t\t\t\t\t<label >Oficinas:<\/label>\n\t\t\t\t\t\t\t\t\t\t<span class=\"text_link\"><a href='tel:938942749'>+34 938 942 749<\/a><\/span>\n\t\t\t\t<\/div>\n\t\t\t\t\t\t\n\t\t<\/div>\n\t\t\t\t\t\t<\/div>\n\t\t\t\t<\/div>\n\t\t\t\t<div class=\"elementor-element elementor-element-a4988ae elementor-widget elementor-widget-ova_contact_info\" data-id=\"a4988ae\" data-element_type=\"widget\" data-e-type=\"widget\" data-widget_type=\"ova_contact_info.default\">\n\t\t\t\t<div class=\"elementor-widget-container\">\n\t\t\t\t\t\t\t<div class=\"ova-contact-info type3\">\n\n\t\t\t<div class=\"icon\">\n\t\t\t\t<i class=\"fas fa-phone-alt\"><\/i>\t\t\t<\/div>\n\n\t\t\t\t\t\t\t<div class=\"address\">\n\t\t\t\t\t\t\t\t\t\t\t\t\t\t\t\t<label >Seguridad: <\/label>\n\t\t\t\t\t\t\t\t\t\t<span class=\"text_link\"><a href='tel:'>637 415 138  |  627 973 122<\/a><\/span>\n\t\t\t\t<\/div>\n\t\t\t\t\t\t\n\t\t<\/div>\n\t\t\t\t\t\t<\/div>\n\t\t\t\t<\/div>\n\t\t\t\t<div class=\"elementor-element elementor-element-980b3e7 elementor-widget elementor-widget-ova_contact_info\" data-id=\"980b3e7\" data-element_type=\"widget\" data-e-type=\"widget\" data-widget_type=\"ova_contact_info.default\">\n\t\t\t\t<div class=\"elementor-widget-container\">\n\t\t\t\t\t\t\t<div class=\"ova-contact-info type3\">\n\n\t\t\t<div class=\"icon\">\n\t\t\t\t<i class=\"fas fa-envelope\"><\/i>\t\t\t<\/div>\n\n\t\t\t\t\t\t\t<div class=\"address\">\n\t\t\t\t\t\t\t\t\t\t\t\t\t\t\t\t<label >Mail:<\/label>\n\t\t\t\t\t\t\t\t\t\t<span class=\"text_link\"><a href='tel:egovt@example.com'>info@vallpineda.cat<\/a><\/span>\n\t\t\t\t<\/div>\n\t\t\t\t\t\t\n\t\t<\/div>\n\t\t\t\t\t\t<\/div>\n\t\t\t\t<\/div>\n\t\t\t\t<div class=\"elementor-element elementor-element-d5b8f7d elementor-widget elementor-widget-text-editor\" data-id=\"d5b8f7d\" data-element_type=\"widget\" data-e-type=\"widget\" data-widget_type=\"text-editor.default\">\n\t\t\t\t<div class=\"elementor-widget-container\">\n\t\t\t\t\t\t\t\t\t<p><strong>HORARIO DE OFICINAS:<br \/>De lunes a jueves<\/strong><br \/>de 8:00 a 18:00h<br \/><strong>Viernes:<br \/><\/strong> de 8:00 a 15:00h<\/p>\t\t\t\t\t\t\t\t<\/div>\n\t\t\t\t<\/div>\n\t\t\t\t<div class=\"elementor-element elementor-element-4d178b7 elementor-widget elementor-widget-ova_social\" data-id=\"4d178b7\" data-element_type=\"widget\" data-e-type=\"widget\" data-widget_type=\"ova_social.default\">\n\t\t\t\t<div class=\"elementor-widget-container\">\n\t\t\t\t\t\t\t<div class=\"ova_social ova-framework-social-icons-wrapper\">\n\t\t\t<div class=\"content\">\n\t\t\t\t\n\t\t\t\t\t\t\t\t\t\t<a class=\"ova-framework-icon ova-framework-social-icon ova-framework-social-icon-instagram\" style=\" background-color: #0050B6\" href=\"https:\/\/www.instagram.com\/vallpineda.cooperativa\/\" target=\"_blank\">\n\t\t\t\t\t\t<span class=\"ova-framework-screen-only\">Instagram<\/span>\n\t\t\t\t\t\t<i class=\"fa fa-instagram\" style=\" color: #fff\"><\/i>\n\t\t\t\t\t<\/a>\n\t\t\t\t\n\t\t\t\t\t\t\t\t\t\t<a class=\"ova-framework-icon ova-framework-social-icon ova-framework-social-icon-facebook-square\" style=\" background-color: #0050B6\" href=\"https:\/\/www.facebook.com\/vallpineda.cooperativa\" target=\"_blank\">\n\t\t\t\t\t\t<span class=\"ova-framework-screen-only\">Facebook-square<\/span>\n\t\t\t\t\t\t<i class=\"fa fa-facebook-square\" style=\" color: #fff\"><\/i>\n\t\t\t\t\t<\/a>\n\t\t\t\t\n\t\t\t\t\t\t\t\t\t\t<a class=\"ova-framework-icon ova-framework-social-icon ova-framework-social-icon-whatsapp\" style=\" background-color: #0050B6\" href=\"#\" target=\"_blank\">\n\t\t\t\t\t\t<span class=\"ova-framework-screen-only\">Whatsapp<\/span>\n\t\t\t\t\t\t<i class=\"fa fa-whatsapp\" style=\" color: #fff\"><\/i>\n\t\t\t\t\t<\/a>\n\t\t\t\t\t\t\t<\/div>\n\t\t<\/div>\n\t\t\t\t\t\t<\/div>\n\t\t\t\t<\/div>\n\t\t\t\t\t<\/div>\n\t\t<\/div>\n\t\t\t\t<div class=\"elementor-column elementor-col-50 elementor-top-column elementor-element elementor-element-508a2c4\" data-id=\"508a2c4\" data-element_type=\"column\" data-e-type=\"column\">\n\t\t\t<div class=\"elementor-widget-wrap elementor-element-populated\">\n\t\t\t\t\t\t<section class=\"elementor-section elementor-inner-section elementor-element elementor-element-9c487bd elementor-section-boxed elementor-section-height-default elementor-section-height-default\" data-id=\"9c487bd\" data-element_type=\"section\" data-e-type=\"section\">\n\t\t\t\t\t\t<div class=\"elementor-container elementor-column-gap-default\">\n\t\t\t\t\t<div class=\"elementor-column elementor-col-100 elementor-inner-column elementor-element elementor-element-674d5be\" data-id=\"674d5be\" data-element_type=\"column\" data-e-type=\"column\">\n\t\t\t<div class=\"elementor-widget-wrap elementor-element-populated\">\n\t\t\t\t\t\t<div class=\"elementor-element elementor-element-25934d9 elementor-widget elementor-widget-heading\" data-id=\"25934d9\" data-element_type=\"widget\" data-e-type=\"widget\" data-widget_type=\"heading.default\">\n\t\t\t\t<div class=\"elementor-widget-container\">\n\t\t\t\t\t<h3 class=\"elementor-heading-title elementor-size-default\">Escr\u00edbenos un mensaje:<\/h3>\t\t\t\t<\/div>\n\t\t\t\t<\/div>\n\t\t\t\t<div class=\"elementor-element elementor-element-a33ae14 elementor-widget elementor-widget-shortcode\" data-id=\"a33ae14\" data-element_type=\"widget\" data-e-type=\"widget\" data-widget_type=\"shortcode.default\">\n\t\t\t\t<div class=\"elementor-widget-container\">\n\t\t\t\t\t\t\t<div class=\"elementor-shortcode\">\n<div class=\"wpcf7 no-js\" id=\"wpcf7-f294-o1\" lang=\"en-US\" dir=\"ltr\" data-wpcf7-id=\"294\">\n<div class=\"screen-reader-response\"><p role=\"status\" aria-live=\"polite\" aria-atomic=\"true\"><\/p> <ul><\/ul><\/div>\n<form action=\"\/ca\/wp-json\/wp\/v2\/pages\/1228#wpcf7-f294-o1\" method=\"post\" class=\"wpcf7-form init\" aria-label=\"Contact form\" novalidate=\"novalidate\" data-status=\"init\" data-trp-original-action=\"\/ca\/wp-json\/wp\/v2\/pages\/1228#wpcf7-f294-o1\">\n<fieldset class=\"hidden-fields-container\"><input type=\"hidden\" name=\"_wpcf7\" value=\"294\" \/><input type=\"hidden\" name=\"_wpcf7_version\" value=\"6.1.5\" \/><input type=\"hidden\" name=\"_wpcf7_locale\" value=\"en_US\" \/><input type=\"hidden\" name=\"_wpcf7_unit_tag\" value=\"wpcf7-f294-o1\" \/><input type=\"hidden\" name=\"_wpcf7_container_post\" value=\"0\" \/><input type=\"hidden\" name=\"_wpcf7_posted_data_hash\" value=\"\" \/>\n<\/fieldset>\n<div class=\"contact-form-egovt\">\n\t<div class=\"con\">\n\t\t<div class=\"input name\">\n\t\t\t<p><span class=\"wpcf7-form-control-wrap\" data-name=\"your-name\"><input size=\"40\" maxlength=\"400\" class=\"wpcf7-form-control wpcf7-text wpcf7-validates-as-required\" id=\"your-name\" aria-required=\"true\" aria-invalid=\"false\" placeholder=\"Nombre\" value=\"\" type=\"text\" name=\"your-name\" \/><\/span>\n\t\t\t<\/p>\n\t\t<\/div>\n\t\t<div class=\"input email\">\n\t\t\t<p><span class=\"wpcf7-form-control-wrap\" data-name=\"your-email\"><input size=\"40\" maxlength=\"400\" class=\"wpcf7-form-control wpcf7-email wpcf7-validates-as-required wpcf7-text wpcf7-validates-as-email\" id=\"your-email\" aria-required=\"true\" aria-invalid=\"false\" placeholder=\"Email\" value=\"\" type=\"email\" name=\"your-email\" \/><\/span>\n\t\t\t<\/p>\n\t\t<\/div>\n\t\t<div class=\"input subject\">\n\t\t\t<p><span class=\"wpcf7-form-control-wrap\" data-name=\"your-subject\"><input size=\"40\" maxlength=\"400\" class=\"wpcf7-form-control wpcf7-text wpcf7-validates-as-required\" id=\"your-subject\" aria-required=\"true\" aria-invalid=\"false\" placeholder=\"Asunto\" value=\"\" type=\"text\" name=\"your-subject\" \/><\/span>\n\t\t\t<\/p>\n\t\t<\/div>\n\t<\/div>\n\t<div class=\"con\">\n\t\t<div class=\"comment\">\n\t\t\t<p><span class=\"wpcf7-form-control-wrap\" data-name=\"your-comment\"><textarea cols=\"40\" rows=\"10\" maxlength=\"2000\" class=\"wpcf7-form-control wpcf7-textarea wpcf7-validates-as-required\" id=\"your-comment\" aria-required=\"true\" aria-invalid=\"false\" placeholder=\"Escribe tu mensaje...\" name=\"your-comment\"><\/textarea><\/span>\n\t\t\t<\/p>\n\t\t<\/div>\n\t<\/div>\n\t<p><input class=\"wpcf7-form-control wpcf7-submit has-spinner second_font\" id=\"form-submit\" type=\"submit\" value=\"ENVIAR\" \/>\n\t<\/p>\n<\/div><div class=\"wpcf7-response-output\" aria-hidden=\"true\"><\/div>\n<input type=\"hidden\" name=\"trp-form-language\" value=\"ca\"\/><\/form>\n<\/div>\n<\/div>\n\t\t\t\t\t\t<\/div>\n\t\t\t\t<\/div>\n\t\t\t\t\t<\/div>\n\t\t<\/div>\n\t\t\t\t\t<\/div>\n\t\t<\/section>\n\t\t\t\t\t<\/div>\n\t\t<\/div>\n\t\t\t\t\t<\/div>\n\t\t<\/section>\n\t\t\t\t<section class=\"elementor-section elementor-top-section elementor-element elementor-element-ac778b0 elementor-section-full_width elementor-section-height-default elementor-section-height-default\" data-id=\"ac778b0\" data-element_type=\"section\" data-e-type=\"section\">\n\t\t\t\t\t\t<div class=\"elementor-container elementor-column-gap-default\">\n\t\t\t\t\t<div class=\"elementor-column elementor-col-100 elementor-top-column elementor-element elementor-element-6190b65\" data-id=\"6190b65\" data-element_type=\"column\" data-e-type=\"column\">\n\t\t\t<div class=\"elementor-widget-wrap elementor-element-populated\">\n\t\t\t\t\t\t<div class=\"elementor-element elementor-element-31f9d15 elementor-widget elementor-widget-google_maps\" data-id=\"31f9d15\" data-element_type=\"widget\" data-e-type=\"widget\" data-widget_type=\"google_maps.default\">\n\t\t\t\t<div class=\"elementor-widget-container\">\n\t\t\t\t\t\t\t<div class=\"elementor-custom-embed\">\n\t\t\t<iframe loading=\"lazy\"\n\t\t\t\t\tsrc=\"https:\/\/maps.google.com\/maps?q=avenida%20sant%C3%ADsima%20trinidad%2028%2C%2008810%2C%20sant%20pere%20de%20ribes%2C%20barcelona&#038;t=m&#038;z=17&#038;output=embed&#038;iwloc=near\"\n\t\t\t\t\ttitle=\"avenida sant\u00edsima trinidad 28, 08810, sant pere de ribes, barcelona\"\n\t\t\t\t\taria-label=\"avenida sant\u00edsima trinidad 28, 08810, sant pere de ribes, barcelona\"\n\t\t\t><\/iframe>\n\t\t<\/div>\n\t\t\t\t\t\t<\/div>\n\t\t\t\t<\/div>\n\t\t\t\t\t<\/div>\n\t\t<\/div>\n\t\t\t\t\t<\/div>\n\t\t<\/section>\n\t\t\t\t<\/div>","protected":false},"excerpt":{"rendered":"<p>Contacta con nosotros: Haznos llegar tus preocupaciones y sugerencias para mejorar la urbanizaci\u00f3n de Vallpineda. Env\u00edanos un correo electr\u00f3nico para recibir el bolet\u00edn informativo online con informaci\u00f3n importante para los socios. Cooperativa Vallpineda Direcci\u00f3n: Avda. Sant\u00edsima Trinidad, 28 08810 Sant Pere de Ribes (Barcelona, Espa\u00f1a) Oficinas: +34 938 942 749 Seguridad: 637 415 138 | [&hellip;]<\/p>","protected":false},"author":1,"featured_media":1989,"parent":0,"menu_order":0,"comment_status":"closed","ping_status":"closed","template":"elementor_header_footer","meta":{"give_campaign_id":0,"footnotes":""},"class_list":["post-1228","page","type-page","status-publish","has-post-thumbnail","hentry"],"campaignId":"","_links":{"self":[{"href":"https:\/\/vallpineda.cat\/ca\/wp-json\/wp\/v2\/pages\/1228","targetHints":{"allow":["GET"]}}],"collection":[{"href":"https:\/\/vallpineda.cat\/ca\/wp-json\/wp\/v2\/pages"}],"about":[{"href":"https:\/\/vallpineda.cat\/ca\/wp-json\/wp\/v2\/types\/page"}],"author":[{"embeddable":true,"href":"https:\/\/vallpineda.cat\/ca\/wp-json\/wp\/v2\/users\/1"}],"replies":[{"embeddable":true,"href":"https:\/\/vallpineda.cat\/ca\/wp-json\/wp\/v2\/comments?post=1228"}],"version-history":[{"count":49,"href":"https:\/\/vallpineda.cat\/ca\/wp-json\/wp\/v2\/pages\/1228\/revisions"}],"predecessor-version":[{"id":9780,"href":"https:\/\/vallpineda.cat\/ca\/wp-json\/wp\/v2\/pages\/1228\/revisions\/9780"}],"wp:featuredmedia":[{"embeddable":true,"href":"https:\/\/vallpineda.cat\/ca\/wp-json\/wp\/v2\/media\/1989"}],"wp:attachment":[{"href":"https:\/\/vallpineda.cat\/ca\/wp-json\/wp\/v2\/media?parent=1228"}],"curies":[{"name":"wp","href":"https:\/\/api.w.org\/{rel}","templated":true}]}}